{"id":38483,"date":"2026-01-27T18:09:36","date_gmt":"2026-01-27T18:09:36","guid":{"rendered":"https:\/\/www.deporteseli.com\/?product=short-j-smith-ornar-3"},"modified":"2026-03-07T05:22:55","modified_gmt":"2026-03-07T05:22:55","slug":"short-j-smith-ornar-3","status":"publish","type":"product","link":"https:\/\/www.deporteseli.com\/?product=short-j-smith-ornar-3","title":{"rendered":"SHORT J.SMITH ORNAR"},"content":{"rendered":"<p>Ba\u00f1ador de microfibra de poli\u00e9ster con logo peque\u00f1o. Tejido de secado r\u00e1pido. Cuenta con suspensor de mesh de poli\u00e9ster. Dos bolsillos laterales y uno interior. Largo de 35 cms.    COMPOSICI\u00d3N:    100% Poli\u00e9ster    Micro taffeta.    TEJIDO T\u00c9CNICO:    Fastdry: El tejido Fast Dry est\u00e1 dise\u00f1ado para absorber una m\u00ednima cantidad de agua, facilitando al mismo tiempo una r\u00e1pida evaporaci\u00f3n.                                                                                                                                                                                                                                                                                                                                                                                                                                                                                                                                                                                                                                                                                                                                                                                                                                                                                                                                                                                                                                        <\/p>\n","protected":false},"excerpt":{"rendered":"<p>SHORT J.SMITH ORNAR<\/p>\n","protected":false},"featured_media":52837,"template":"","meta":[],"product_brand":[],"product_cat":[246],"product_tag":[43],"class_list":{"0":"post-38483","1":"product","2":"type-product","3":"status-publish","4":"has-post-thumbnail","6":"product_cat-hombre_textil_banadores","7":"product_tag-jhon_smith","8":"pa_color-unico","9":"pa_talla-l","10":"pa_talla-m","11":"pa_talla-xl","12":"pa_talla-xxl","13":"thunk-woo-product-list","14":"opn-qv-enable","15":"open-woo-hover-","16":"open-single-product-tab-horizontal","17":"open-shadow-","18":"open-shadow-hover-","20":"first","21":"instock","22":"shipping-taxable","23":"purchasable","24":"product-type-variable"},"jetpack_sharing_enabled":true,"_links":{"self":[{"href":"https:\/\/www.deporteseli.com\/index.php?rest_route=\/wp\/v2\/product\/38483","targetHints":{"allow":["GET"]}}],"collection":[{"href":"https:\/\/www.deporteseli.com\/index.php?rest_route=\/wp\/v2\/product"}],"about":[{"href":"https:\/\/www.deporteseli.com\/index.php?rest_route=\/wp\/v2\/types\/product"}],"wp:featuredmedia":[{"embeddable":true,"href":"https:\/\/www.deporteseli.com\/index.php?rest_route=\/wp\/v2\/media\/52837"}],"wp:attachment":[{"href":"https:\/\/www.deporteseli.com\/index.php?rest_route=%2Fwp%2Fv2%2Fmedia&parent=38483"}],"wp:term":[{"taxonomy":"product_brand","embeddable":true,"href":"https:\/\/www.deporteseli.com\/index.php?rest_route=%2Fwp%2Fv2%2Fproduct_brand&post=38483"},{"taxonomy":"product_cat","embeddable":true,"href":"https:\/\/www.deporteseli.com\/index.php?rest_route=%2Fwp%2Fv2%2Fproduct_cat&post=38483"},{"taxonomy":"product_tag","embeddable":true,"href":"https:\/\/www.deporteseli.com\/index.php?rest_route=%2Fwp%2Fv2%2Fproduct_tag&post=38483"}],"curies":[{"name":"wp","href":"https:\/\/api.w.org\/{rel}","templated":true}]}}