{"id":38469,"date":"2026-01-27T18:09:20","date_gmt":"2026-01-27T18:09:20","guid":{"rendered":"https:\/\/www.deporteseli.com\/?product=pirata-j-smith-airas"},"modified":"2026-03-07T05:22:39","modified_gmt":"2026-03-07T05:22:39","slug":"pirata-j-smith-airas","status":"publish","type":"product","link":"https:\/\/www.deporteseli.com\/?product=pirata-j-smith-airas","title":{"rendered":"PIRATA J.SMITH AIRAS"},"content":{"rendered":"<p>Malla 3\/4 con corte diagonal y decoraciones reflectantes. Cord\u00f3n ajustable, bolsillo trasero y detalle de banda el\u00e1stica personalizada. Tejido de poli\u00e9ster con elast\u00e1n y acabado Drynamic.    COMPOSICI\u00d3N:    90% Poli\u00e9ster    10% Elast\u00e1n    Elastic single jersey.    TEJIDO T\u00c9CNICO:  Drynamic: Tejido de microfilamentos de poli\u00e9ster con elast\u00e1n. Los microfilamentos ayudan a que la humedad producida por la transpiraci\u00f3n se aloje en los huecos que se generan entre ellos por capilaridad y de esta forma su evaporaci\u00f3n es m\u00e1s r\u00e1pida. La incorporaci\u00f3n de fibras de elast\u00e1n ayuda a favorecer los movimientos.                                                                                                                                                                                                                                                                                                                                                                                                                                                                                                                                                                                                                                                                                                                                                                                                                                                                                                                                                                                                                                        <\/p>\n","protected":false},"excerpt":{"rendered":"<p>PIRATA J.SMITH AIRAS<\/p>\n","protected":false},"featured_media":52822,"template":"","meta":[],"product_brand":[],"product_cat":[281],"product_tag":[43],"class_list":{"0":"post-38469","1":"product","2":"type-product","3":"status-publish","4":"has-post-thumbnail","6":"product_cat-mujer_textil_mallas","7":"product_tag-jhon_smith","8":"pa_color-unico","9":"pa_talla-m","10":"pa_talla-s","11":"thunk-woo-product-list","12":"opn-qv-enable","13":"open-woo-hover-","14":"open-single-product-tab-horizontal","15":"open-shadow-","16":"open-shadow-hover-","18":"first","19":"instock","20":"shipping-taxable","21":"purchasable","22":"product-type-variable"},"jetpack_sharing_enabled":true,"_links":{"self":[{"href":"https:\/\/www.deporteseli.com\/index.php?rest_route=\/wp\/v2\/product\/38469","targetHints":{"allow":["GET"]}}],"collection":[{"href":"https:\/\/www.deporteseli.com\/index.php?rest_route=\/wp\/v2\/product"}],"about":[{"href":"https:\/\/www.deporteseli.com\/index.php?rest_route=\/wp\/v2\/types\/product"}],"wp:featuredmedia":[{"embeddable":true,"href":"https:\/\/www.deporteseli.com\/index.php?rest_route=\/wp\/v2\/media\/52822"}],"wp:attachment":[{"href":"https:\/\/www.deporteseli.com\/index.php?rest_route=%2Fwp%2Fv2%2Fmedia&parent=38469"}],"wp:term":[{"taxonomy":"product_brand","embeddable":true,"href":"https:\/\/www.deporteseli.com\/index.php?rest_route=%2Fwp%2Fv2%2Fproduct_brand&post=38469"},{"taxonomy":"product_cat","embeddable":true,"href":"https:\/\/www.deporteseli.com\/index.php?rest_route=%2Fwp%2Fv2%2Fproduct_cat&post=38469"},{"taxonomy":"product_tag","embeddable":true,"href":"https:\/\/www.deporteseli.com\/index.php?rest_route=%2Fwp%2Fv2%2Fproduct_tag&post=38469"}],"curies":[{"name":"wp","href":"https:\/\/api.w.org\/{rel}","templated":true}]}}