{"id":38426,"date":"2026-01-27T18:08:13","date_gmt":"2026-01-27T18:08:13","guid":{"rendered":"https:\/\/www.deporteseli.com\/?product=gel-excite-9"},"modified":"2026-01-27T18:08:15","modified_gmt":"2026-01-27T18:08:15","slug":"gel-excite-9","status":"publish","type":"product","link":"https:\/\/www.deporteseli.com\/?product=gel-excite-9","title":{"rendered":"GEL-EXCITE 9"},"content":{"rendered":"<p>La zapatilla GEL-EXCITE\u2122 9 es un c\u00f3modo modelo para corredores ocasionales.    Cuenta con una parte superior de malla jacquard de dise\u00f1o especial, un material que aumenta el flujo de aire y que proporciona una sensaci\u00f3n m\u00e1s suave alrededor del tu pie.    En la entresuela se ha a\u00f1adido una combinaci\u00f3n de amortiguaci\u00f3n AMPLIFOAM\u2122 y tecnolog\u00eda GEL\u2122. Estas caracter\u00edsticas proporcionan una mayor durabilidad y un apoyo m\u00e1s suave en la pisada.  Corredores neutrales  Tipo de pie  Arco de tama\u00f1o est\u00e1ndar  Empuje  La distribuci\u00f3n desde el antepi\u00e9 est\u00e1 equilibrada.  C\u00f3mo entra en contacto el pie con el suelo  El pie aterriza sobre la parte exterior del tal\u00f3n y se desplaza hacia dentro (pronaci\u00f3n) para absorber los impactos y soportar el peso corporal.  Caracter\u00edsticas t\u00e9cnicas  Empeine confeccionado con malla jacquard  Crea una sensaci\u00f3n m\u00e1s suave alrededor del pie a la vez que mejora la transpirabilidad  Tecnolog\u00eda de amortiguaci\u00f3n AMPLIFOAM\u2122  Dise\u00f1ada para mejorar la durabilidad en las densidades m\u00e1s blandas, proporcionando m\u00e1s flexibilidad y comodidad durante la pisada  Sistema de amortiguaci\u00f3n con tecnolog\u00eda GEL\u2122 en el retropi\u00e9  Mejora la absorci\u00f3n de impactos y crea una sensaci\u00f3n m\u00e1s suave en la pisada  Plantilla ORTHOLITE\u2122  Proporciona la comodidad de una pisada suave  Tecnolog\u00eda GUIDANCE LINE\u2122  Estr\u00eda de flexi\u00f3n vertical que destensa el dise\u00f1o a lo largo de la l\u00ednea de progresi\u00f3n para mejorar la eficiencia y la consistencia de la pisada                                                                                                                                                                                                                                                                                                                                                                                                                                                                                                                                                                                                                                                                                                                                                                                                                                                                                                                                                                                                                                        <\/p>\n","protected":false},"excerpt":{"rendered":"<p>GEL-EXCITE 9<\/p>\n","protected":false},"featured_media":52808,"template":"","meta":[],"product_brand":[],"product_cat":[285],"product_tag":[19],"class_list":{"0":"post-38426","1":"product","2":"type-product","3":"status-publish","4":"has-post-thumbnail","6":"product_cat-mujer_calzado_running","7":"product_tag-asics","8":"pa_color-unico","9":"pa_talla-143","10":"thunk-woo-product-list","11":"opn-qv-enable","12":"open-woo-hover-","13":"open-single-product-tab-horizontal","14":"open-shadow-","15":"open-shadow-hover-","17":"first","18":"instock","19":"sale","20":"shipping-taxable","21":"purchasable","22":"product-type-variable"},"jetpack_sharing_enabled":true,"_links":{"self":[{"href":"https:\/\/www.deporteseli.com\/index.php?rest_route=\/wp\/v2\/product\/38426","targetHints":{"allow":["GET"]}}],"collection":[{"href":"https:\/\/www.deporteseli.com\/index.php?rest_route=\/wp\/v2\/product"}],"about":[{"href":"https:\/\/www.deporteseli.com\/index.php?rest_route=\/wp\/v2\/types\/product"}],"wp:featuredmedia":[{"embeddable":true,"href":"https:\/\/www.deporteseli.com\/index.php?rest_route=\/wp\/v2\/media\/52808"}],"wp:attachment":[{"href":"https:\/\/www.deporteseli.com\/index.php?rest_route=%2Fwp%2Fv2%2Fmedia&parent=38426"}],"wp:term":[{"taxonomy":"product_brand","embeddable":true,"href":"https:\/\/www.deporteseli.com\/index.php?rest_route=%2Fwp%2Fv2%2Fproduct_brand&post=38426"},{"taxonomy":"product_cat","embeddable":true,"href":"https:\/\/www.deporteseli.com\/index.php?rest_route=%2Fwp%2Fv2%2Fproduct_cat&post=38426"},{"taxonomy":"product_tag","embeddable":true,"href":"https:\/\/www.deporteseli.com\/index.php?rest_route=%2Fwp%2Fv2%2Fproduct_tag&post=38426"}],"curies":[{"name":"wp","href":"https:\/\/api.w.org\/{rel}","templated":true}]}}