{"id":38422,"date":"2026-01-27T18:08:09","date_gmt":"2026-01-27T18:08:09","guid":{"rendered":"https:\/\/www.deporteseli.com\/?product=falda-asics"},"modified":"2026-03-07T05:22:36","modified_gmt":"2026-03-07T05:22:36","slug":"falda-asics","status":"publish","type":"product","link":"https:\/\/www.deporteseli.com\/?product=falda-asics","title":{"rendered":"FALDA ASICS"},"content":{"rendered":"<p>La COURT SKORT cuenta con un tejido de punto el\u00e1stico que promueve un mejor rango de movimiento. Esta falda pantal\u00f3n tambi\u00e9n est\u00e1 dise\u00f1ada con excelentes propiedades de control de la humedad para mantener secos a los atletas en la cancha.                                                                                                                                                                                                                                                                                                                                                                                                                                                                                                                                                                                                                                                                                                                                                                                                                                                                                                                                                                                                                                        <\/p>\n","protected":false},"excerpt":{"rendered":"<p>FALDA ASICS<\/p>\n","protected":false},"featured_media":52804,"template":"","meta":[],"product_brand":[],"product_cat":[366],"product_tag":[19],"class_list":{"0":"post-38422","1":"product","2":"type-product","3":"status-publish","4":"has-post-thumbnail","6":"product_cat-padel_y_tenis_textil_faldas","7":"product_tag-asics","8":"pa_color-unico","9":"pa_talla-l","10":"pa_talla-s","11":"pa_talla-xs","12":"thunk-woo-product-list","13":"opn-qv-enable","14":"open-woo-hover-","15":"open-single-product-tab-horizontal","16":"open-shadow-","17":"open-shadow-hover-","19":"first","20":"instock","21":"shipping-taxable","22":"purchasable","23":"product-type-variable"},"jetpack_sharing_enabled":true,"_links":{"self":[{"href":"https:\/\/www.deporteseli.com\/index.php?rest_route=\/wp\/v2\/product\/38422","targetHints":{"allow":["GET"]}}],"collection":[{"href":"https:\/\/www.deporteseli.com\/index.php?rest_route=\/wp\/v2\/product"}],"about":[{"href":"https:\/\/www.deporteseli.com\/index.php?rest_route=\/wp\/v2\/types\/product"}],"wp:featuredmedia":[{"embeddable":true,"href":"https:\/\/www.deporteseli.com\/index.php?rest_route=\/wp\/v2\/media\/52804"}],"wp:attachment":[{"href":"https:\/\/www.deporteseli.com\/index.php?rest_route=%2Fwp%2Fv2%2Fmedia&parent=38422"}],"wp:term":[{"taxonomy":"product_brand","embeddable":true,"href":"https:\/\/www.deporteseli.com\/index.php?rest_route=%2Fwp%2Fv2%2Fproduct_brand&post=38422"},{"taxonomy":"product_cat","embeddable":true,"href":"https:\/\/www.deporteseli.com\/index.php?rest_route=%2Fwp%2Fv2%2Fproduct_cat&post=38422"},{"taxonomy":"product_tag","embeddable":true,"href":"https:\/\/www.deporteseli.com\/index.php?rest_route=%2Fwp%2Fv2%2Fproduct_tag&post=38422"}],"curies":[{"name":"wp","href":"https:\/\/api.w.org\/{rel}","templated":true}]}}