{"id":38418,"date":"2026-01-27T18:08:04","date_gmt":"2026-01-27T18:08:04","guid":{"rendered":"https:\/\/www.deporteseli.com\/?product=camiseta-asics"},"modified":"2026-03-07T05:22:32","modified_gmt":"2026-03-07T05:22:32","slug":"camiseta-asics","status":"publish","type":"product","link":"https:\/\/www.deporteseli.com\/?product=camiseta-asics","title":{"rendered":"CAMISETA ASICS"},"content":{"rendered":"<p>Descripci\u00f3n  Las caracter\u00edsticas avanzadas de ventilaci\u00f3n de la COURT SHORT SLEEVE TOP te ayudan a estar un paso por delante de la competencia.    Confeccionado con un tejido de secado r\u00e1pido para mejorar el control de la humedad.    Al menos el 50 % del material principal de la prenda est\u00e1 fabricado con contenido reciclado para reducir los residuos y las emisiones de carbono.  Caracter\u00edsticas t\u00e9cnicas  Tejido de punto c\u00f3modo      Al menos el 50 % del material principal de la prenda est\u00e1 fabricado con contenido reciclado para reducir los residuos y las emisiones de carbono                                                                                                                                                                                                                                                                                                                                                                                                                                                                                                                                                                                                                                                                                                                                                                                                                                                                                                                                                                                                                                        <\/p>\n","protected":false},"excerpt":{"rendered":"<p>CAMISETA ASICS<\/p>\n","protected":false},"featured_media":52801,"template":"","meta":[],"product_brand":[],"product_cat":[364],"product_tag":[19],"class_list":{"0":"post-38418","1":"product","2":"type-product","3":"status-publish","4":"has-post-thumbnail","6":"product_cat-padel_y_tenis_textil_camisas","7":"product_tag-asics","8":"pa_color-unico","9":"pa_talla-m","10":"pa_talla-s","11":"pa_talla-xs","12":"thunk-woo-product-list","13":"opn-qv-enable","14":"open-woo-hover-","15":"open-single-product-tab-horizontal","16":"open-shadow-","17":"open-shadow-hover-","19":"first","20":"instock","21":"shipping-taxable","22":"purchasable","23":"product-type-variable"},"jetpack_sharing_enabled":true,"_links":{"self":[{"href":"https:\/\/www.deporteseli.com\/index.php?rest_route=\/wp\/v2\/product\/38418","targetHints":{"allow":["GET"]}}],"collection":[{"href":"https:\/\/www.deporteseli.com\/index.php?rest_route=\/wp\/v2\/product"}],"about":[{"href":"https:\/\/www.deporteseli.com\/index.php?rest_route=\/wp\/v2\/types\/product"}],"wp:featuredmedia":[{"embeddable":true,"href":"https:\/\/www.deporteseli.com\/index.php?rest_route=\/wp\/v2\/media\/52801"}],"wp:attachment":[{"href":"https:\/\/www.deporteseli.com\/index.php?rest_route=%2Fwp%2Fv2%2Fmedia&parent=38418"}],"wp:term":[{"taxonomy":"product_brand","embeddable":true,"href":"https:\/\/www.deporteseli.com\/index.php?rest_route=%2Fwp%2Fv2%2Fproduct_brand&post=38418"},{"taxonomy":"product_cat","embeddable":true,"href":"https:\/\/www.deporteseli.com\/index.php?rest_route=%2Fwp%2Fv2%2Fproduct_cat&post=38418"},{"taxonomy":"product_tag","embeddable":true,"href":"https:\/\/www.deporteseli.com\/index.php?rest_route=%2Fwp%2Fv2%2Fproduct_tag&post=38418"}],"curies":[{"name":"wp","href":"https:\/\/api.w.org\/{rel}","templated":true}]}}