{"id":38412,"date":"2026-01-27T18:07:57","date_gmt":"2026-01-27T18:07:57","guid":{"rendered":"https:\/\/www.deporteseli.com\/?product=short-asics-2041a260"},"modified":"2026-03-07T05:22:23","modified_gmt":"2026-03-07T05:22:23","slug":"short-asics-2041a260","status":"publish","type":"product","link":"https:\/\/www.deporteseli.com\/?product=short-asics-2041a260","title":{"rendered":"SHORT ASICS 2041A260"},"content":{"rendered":"<p>Descripci\u00f3n  El COURT 7IN SHORT presenta paneles de malla a lo largo de la cintura para mejorar la transpirabilidad, mientras que la tela tejida liviana mejora las propiedades de control de la humedad.    Estos pantalones cortos cuentan con un cord\u00f3n ajustable en la cintura y bolsillos delanteros que brindan suficiente almacenamiento para m\u00e1s de dos pelotas de tenis.    Por \u00faltimo, este par de pantalones cortos est\u00e1 equipado con un forro de bolsillo de malla para que la arcilla se pueda quitar el polvo f\u00e1cilmente.  Caracter\u00edsticas t\u00e9cnicas  El panel de la cintura de malla de secado r\u00e1pido    ayuda a mejorar la transpirabilidad    Ligero    Cord\u00f3n ajustable    Los bolsillos pueden almacenar pelotas de tenis                                                                                                                                                                                                                                                                                                                                                                                                                                                                                                                                                                                                                                                                                                                                                                                                                                                                                                                                                                                                                                        <\/p>\n","protected":false},"excerpt":{"rendered":"<p>SHORT ASICS 2041A260<\/p>\n","protected":false},"featured_media":52793,"template":"","meta":[],"product_brand":[],"product_cat":[365],"product_tag":[19],"class_list":{"0":"post-38412","1":"product","2":"type-product","3":"status-publish","4":"has-post-thumbnail","6":"product_cat-padel_y_tenis_textil_shorts","7":"product_tag-asics","8":"pa_color-unico","9":"pa_talla-s","10":"thunk-woo-product-list","11":"opn-qv-enable","12":"open-woo-hover-","13":"open-single-product-tab-horizontal","14":"open-shadow-","15":"open-shadow-hover-","17":"first","18":"instock","19":"shipping-taxable","20":"purchasable","21":"product-type-variable"},"jetpack_sharing_enabled":true,"_links":{"self":[{"href":"https:\/\/www.deporteseli.com\/index.php?rest_route=\/wp\/v2\/product\/38412","targetHints":{"allow":["GET"]}}],"collection":[{"href":"https:\/\/www.deporteseli.com\/index.php?rest_route=\/wp\/v2\/product"}],"about":[{"href":"https:\/\/www.deporteseli.com\/index.php?rest_route=\/wp\/v2\/types\/product"}],"wp:featuredmedia":[{"embeddable":true,"href":"https:\/\/www.deporteseli.com\/index.php?rest_route=\/wp\/v2\/media\/52793"}],"wp:attachment":[{"href":"https:\/\/www.deporteseli.com\/index.php?rest_route=%2Fwp%2Fv2%2Fmedia&parent=38412"}],"wp:term":[{"taxonomy":"product_brand","embeddable":true,"href":"https:\/\/www.deporteseli.com\/index.php?rest_route=%2Fwp%2Fv2%2Fproduct_brand&post=38412"},{"taxonomy":"product_cat","embeddable":true,"href":"https:\/\/www.deporteseli.com\/index.php?rest_route=%2Fwp%2Fv2%2Fproduct_cat&post=38412"},{"taxonomy":"product_tag","embeddable":true,"href":"https:\/\/www.deporteseli.com\/index.php?rest_route=%2Fwp%2Fv2%2Fproduct_tag&post=38412"}],"curies":[{"name":"wp","href":"https:\/\/api.w.org\/{rel}","templated":true}]}}