{"id":38409,"date":"2026-01-27T18:07:53","date_gmt":"2026-01-27T18:07:53","guid":{"rendered":"https:\/\/www.deporteseli.com\/?product=short-asics-2011c343"},"modified":"2026-03-07T05:22:21","modified_gmt":"2026-03-07T05:22:21","slug":"short-asics-2011c343","status":"publish","type":"product","link":"https:\/\/www.deporteseli.com\/?product=short-asics-2011c343","title":{"rendered":"SHORT ASICS 2011C343"},"content":{"rendered":"<p>Descripci\u00f3n  Estos shorts de tejido ligero destacan por su dise\u00f1o sostenible, confeccionado con materiales reciclados. Estos shorts cuentan con un logo en espiral de ASICS reflectante que te aportar\u00e1 visibilidad cuando corras en condiciones de poca luz, una malla interior y un cord\u00f3n ajustable en la cintura. Por \u00faltimo, estos shorts incorporan las aberturas en los laterales que aumentan la libertad de movimientos.  Caracter\u00edsticas t\u00e9cnicas  El 50 % o m\u00e1s del material principal de esta prenda proviene de materiales reciclados.  Secado r\u00e1pido  Ligeras  Bolsillo oculto  Espiral de ASICS reflectante que aporta visibilidad en condiciones de poca luz  Las hendiduras en los laterales mejoran la libertad de movimiento                                                                                                                                                                                                                                                                                                                                                                                                                                                                                                                                                                                                                                                                                                                                                                                                                                                                                                                                                                                                                                        <\/p>\n","protected":false},"excerpt":{"rendered":"<p>SHORT ASICS 2011C343<\/p>\n","protected":false},"featured_media":52790,"template":"","meta":[],"product_brand":[],"product_cat":[251],"product_tag":[],"class_list":{"0":"post-38409","1":"product","2":"type-product","3":"status-publish","4":"has-post-thumbnail","6":"product_cat-hombre_textil_shorts","7":"pa_color-unico","8":"pa_talla-s","9":"pa_talla-xs","10":"thunk-woo-product-list","11":"opn-qv-enable","12":"open-woo-hover-","13":"open-single-product-tab-horizontal","14":"open-shadow-","15":"open-shadow-hover-","17":"first","18":"instock","19":"shipping-taxable","20":"purchasable","21":"product-type-variable"},"jetpack_sharing_enabled":true,"_links":{"self":[{"href":"https:\/\/www.deporteseli.com\/index.php?rest_route=\/wp\/v2\/product\/38409","targetHints":{"allow":["GET"]}}],"collection":[{"href":"https:\/\/www.deporteseli.com\/index.php?rest_route=\/wp\/v2\/product"}],"about":[{"href":"https:\/\/www.deporteseli.com\/index.php?rest_route=\/wp\/v2\/types\/product"}],"wp:featuredmedia":[{"embeddable":true,"href":"https:\/\/www.deporteseli.com\/index.php?rest_route=\/wp\/v2\/media\/52790"}],"wp:attachment":[{"href":"https:\/\/www.deporteseli.com\/index.php?rest_route=%2Fwp%2Fv2%2Fmedia&parent=38409"}],"wp:term":[{"taxonomy":"product_brand","embeddable":true,"href":"https:\/\/www.deporteseli.com\/index.php?rest_route=%2Fwp%2Fv2%2Fproduct_brand&post=38409"},{"taxonomy":"product_cat","embeddable":true,"href":"https:\/\/www.deporteseli.com\/index.php?rest_route=%2Fwp%2Fv2%2Fproduct_cat&post=38409"},{"taxonomy":"product_tag","embeddable":true,"href":"https:\/\/www.deporteseli.com\/index.php?rest_route=%2Fwp%2Fv2%2Fproduct_tag&post=38409"}],"curies":[{"name":"wp","href":"https:\/\/api.w.org\/{rel}","templated":true}]}}