{"id":38407,"date":"2026-01-27T18:07:50","date_gmt":"2026-01-27T18:07:50","guid":{"rendered":"https:\/\/www.deporteseli.com\/?product=wilson-tournament-7in-shorts-hombres-blanco"},"modified":"2026-03-07T05:22:17","modified_gmt":"2026-03-07T05:22:17","slug":"wilson-tournament-7in-shorts-hombres-blanco","status":"publish","type":"product","link":"https:\/\/www.deporteseli.com\/?product=wilson-tournament-7in-shorts-hombres-blanco","title":{"rendered":"WILSON TOURNAMENT 7IN SHORTS HOMBRES &#8211; BLANCO"},"content":{"rendered":"<p>Corre por la pista con comodidad con el pantal\u00f3n Wilson Bela Tournament. Son ligeros y cuentan con una cinturilla el\u00e1stica, un bolsillo trasero con cremallera, bolsillos laterales y dobladillos laterales abiertos. Tambi\u00e9n presentan un logo con la firma de Fernando Belastegu\u00edn.     Composici\u00f3n: 100 % poli\u00e9ster                                                                                                                                                                                                                                                                                                                                                                                                                                                                                                                                                                                                                                                                                                                                                                                                                                                                                                                                                                                                                                        <\/p>\n","protected":false},"excerpt":{"rendered":"<p>WILSON TOURNAMENT 7IN SHORTS HOMBRES &#8211; BLANCO<\/p>\n","protected":false},"featured_media":52785,"template":"","meta":[],"product_brand":[],"product_cat":[365],"product_tag":[57],"class_list":{"0":"post-38407","1":"product","2":"type-product","3":"status-publish","4":"has-post-thumbnail","6":"product_cat-padel_y_tenis_textil_shorts","7":"product_tag-wilson","8":"pa_color-unico","9":"pa_talla-xl","10":"thunk-woo-product-list","11":"opn-qv-enable","12":"open-woo-hover-","13":"open-single-product-tab-horizontal","14":"open-shadow-","15":"open-shadow-hover-","17":"first","18":"instock","19":"shipping-taxable","20":"purchasable","21":"product-type-variable"},"jetpack_sharing_enabled":true,"_links":{"self":[{"href":"https:\/\/www.deporteseli.com\/index.php?rest_route=\/wp\/v2\/product\/38407","targetHints":{"allow":["GET"]}}],"collection":[{"href":"https:\/\/www.deporteseli.com\/index.php?rest_route=\/wp\/v2\/product"}],"about":[{"href":"https:\/\/www.deporteseli.com\/index.php?rest_route=\/wp\/v2\/types\/product"}],"wp:featuredmedia":[{"embeddable":true,"href":"https:\/\/www.deporteseli.com\/index.php?rest_route=\/wp\/v2\/media\/52785"}],"wp:attachment":[{"href":"https:\/\/www.deporteseli.com\/index.php?rest_route=%2Fwp%2Fv2%2Fmedia&parent=38407"}],"wp:term":[{"taxonomy":"product_brand","embeddable":true,"href":"https:\/\/www.deporteseli.com\/index.php?rest_route=%2Fwp%2Fv2%2Fproduct_brand&post=38407"},{"taxonomy":"product_cat","embeddable":true,"href":"https:\/\/www.deporteseli.com\/index.php?rest_route=%2Fwp%2Fv2%2Fproduct_cat&post=38407"},{"taxonomy":"product_tag","embeddable":true,"href":"https:\/\/www.deporteseli.com\/index.php?rest_route=%2Fwp%2Fv2%2Fproduct_tag&post=38407"}],"curies":[{"name":"wp","href":"https:\/\/api.w.org\/{rel}","templated":true}]}}