{"id":38393,"date":"2026-01-27T18:07:32","date_gmt":"2026-01-27T18:07:32","guid":{"rendered":"https:\/\/www.deporteseli.com\/?product=short-j-smith-abrio"},"modified":"2026-03-07T05:22:04","modified_gmt":"2026-03-07T05:22:04","slug":"short-j-smith-abrio","status":"publish","type":"product","link":"https:\/\/www.deporteseli.com\/?product=short-j-smith-abrio","title":{"rendered":"SHORT J.SMITH ABRIO"},"content":{"rendered":"<p>DESCRIPCI\u00d3N  Pantal\u00f3n corto biel\u00e1stico de runnning, con cinturilla ajustable con cord\u00f3n, bolsillos de cremallera. Decoraciones reflectantes. Cuenta con un suspensor de mesh en el interior. Confeccionado con tafeta biel\u00e1stica, se le aplica el acabado Binamic.    COMPOSICI\u00d3N:    92% Poli\u00e9ster    8% Elast\u00e1n    Two way spandex taffeta.    TEJIDO T\u00c9CNICO:    Binamic: La calidad Binamic de tejidos bi-el\u00e1sticos proporciona gran libertad de movimientos por su elasticidad en dos direcciones. Son tejidos con una extraordinaria ligereza y propiedades de    secado r\u00e1pido. Ideales para crear prendas c\u00f3modas y funcionales que aumentan el rendimiento en la pr\u00e1ctica deportiva.                                                                                                                                                                                                                                                                                                                                                                                                                                                                                                                                                                                                                                                                                                                                                                                                                                                                                                                                                                                                                                        <\/p>\n","protected":false},"excerpt":{"rendered":"<p>SHORT J.SMITH ABRIO<\/p>\n","protected":false},"featured_media":52766,"template":"","meta":[],"product_brand":[],"product_cat":[251],"product_tag":[43],"class_list":{"0":"post-38393","1":"product","2":"type-product","3":"status-publish","4":"has-post-thumbnail","6":"product_cat-hombre_textil_shorts","7":"product_tag-jhon_smith","8":"pa_color-unico","9":"pa_talla-l","10":"pa_talla-m","11":"pa_talla-s","12":"thunk-woo-product-list","13":"opn-qv-enable","14":"open-woo-hover-","15":"open-single-product-tab-horizontal","16":"open-shadow-","17":"open-shadow-hover-","19":"first","20":"instock","21":"shipping-taxable","22":"purchasable","23":"product-type-variable"},"jetpack_sharing_enabled":true,"_links":{"self":[{"href":"https:\/\/www.deporteseli.com\/index.php?rest_route=\/wp\/v2\/product\/38393","targetHints":{"allow":["GET"]}}],"collection":[{"href":"https:\/\/www.deporteseli.com\/index.php?rest_route=\/wp\/v2\/product"}],"about":[{"href":"https:\/\/www.deporteseli.com\/index.php?rest_route=\/wp\/v2\/types\/product"}],"wp:featuredmedia":[{"embeddable":true,"href":"https:\/\/www.deporteseli.com\/index.php?rest_route=\/wp\/v2\/media\/52766"}],"wp:attachment":[{"href":"https:\/\/www.deporteseli.com\/index.php?rest_route=%2Fwp%2Fv2%2Fmedia&parent=38393"}],"wp:term":[{"taxonomy":"product_brand","embeddable":true,"href":"https:\/\/www.deporteseli.com\/index.php?rest_route=%2Fwp%2Fv2%2Fproduct_brand&post=38393"},{"taxonomy":"product_cat","embeddable":true,"href":"https:\/\/www.deporteseli.com\/index.php?rest_route=%2Fwp%2Fv2%2Fproduct_cat&post=38393"},{"taxonomy":"product_tag","embeddable":true,"href":"https:\/\/www.deporteseli.com\/index.php?rest_route=%2Fwp%2Fv2%2Fproduct_tag&post=38393"}],"curies":[{"name":"wp","href":"https:\/\/api.w.org\/{rel}","templated":true}]}}