{"id":38383,"date":"2026-01-27T18:07:20","date_gmt":"2026-01-27T18:07:20","guid":{"rendered":"https:\/\/www.deporteseli.com\/?product=short-j-smith-bofares-3"},"modified":"2026-03-07T05:21:52","modified_gmt":"2026-03-07T05:21:52","slug":"short-j-smith-bofares-3","status":"publish","type":"product","link":"https:\/\/www.deporteseli.com\/?product=short-j-smith-bofares-3","title":{"rendered":"SHORT J.SMITH BOFARES"},"content":{"rendered":"<p>DESCRIPCI\u00d3N  Bermuda de interlock p\u00f2li\u00e9ster, con gr\u00e1fico en delantero y espalda. Cinturilla el\u00e1stica con cord\u00f3n y bolsillos en costuras laterales. Se le aplica el acabado Quickedry.    COMPOSICI\u00d3N:    100% Poli\u00e9ster    Interlock.    TEJIDO T\u00c9CNICO:    Quickedry: Tejido con extraordinario rendimiento en absorci\u00f3n del sudor. Logra apartar la humedad de la piel y permite la circulaci\u00f3n del aire hacia la capa interior                                                                                                                                                                                                                                                                                                                                                                                                                                                                                                                                                                                                                                                                                                                                                                                                                                                                                                                                                                                                                                        <\/p>\n","protected":false},"excerpt":{"rendered":"<p>SHORT J.SMITH BOFARES<\/p>\n","protected":false},"featured_media":52754,"template":"","meta":[],"product_brand":[],"product_cat":[251],"product_tag":[43],"class_list":{"0":"post-38383","1":"product","2":"type-product","3":"status-publish","4":"has-post-thumbnail","6":"product_cat-hombre_textil_shorts","7":"product_tag-jhon_smith","8":"pa_color-unico","9":"pa_talla-l","10":"pa_talla-m","11":"pa_talla-s","12":"pa_talla-xl","13":"thunk-woo-product-list","14":"opn-qv-enable","15":"open-woo-hover-","16":"open-single-product-tab-horizontal","17":"open-shadow-","18":"open-shadow-hover-","20":"first","21":"instock","22":"shipping-taxable","23":"purchasable","24":"product-type-variable"},"jetpack_sharing_enabled":true,"_links":{"self":[{"href":"https:\/\/www.deporteseli.com\/index.php?rest_route=\/wp\/v2\/product\/38383","targetHints":{"allow":["GET"]}}],"collection":[{"href":"https:\/\/www.deporteseli.com\/index.php?rest_route=\/wp\/v2\/product"}],"about":[{"href":"https:\/\/www.deporteseli.com\/index.php?rest_route=\/wp\/v2\/types\/product"}],"wp:featuredmedia":[{"embeddable":true,"href":"https:\/\/www.deporteseli.com\/index.php?rest_route=\/wp\/v2\/media\/52754"}],"wp:attachment":[{"href":"https:\/\/www.deporteseli.com\/index.php?rest_route=%2Fwp%2Fv2%2Fmedia&parent=38383"}],"wp:term":[{"taxonomy":"product_brand","embeddable":true,"href":"https:\/\/www.deporteseli.com\/index.php?rest_route=%2Fwp%2Fv2%2Fproduct_brand&post=38383"},{"taxonomy":"product_cat","embeddable":true,"href":"https:\/\/www.deporteseli.com\/index.php?rest_route=%2Fwp%2Fv2%2Fproduct_cat&post=38383"},{"taxonomy":"product_tag","embeddable":true,"href":"https:\/\/www.deporteseli.com\/index.php?rest_route=%2Fwp%2Fv2%2Fproduct_tag&post=38383"}],"curies":[{"name":"wp","href":"https:\/\/api.w.org\/{rel}","templated":true}]}}