{"id":38369,"date":"2026-01-27T18:07:01","date_gmt":"2026-01-27T18:07:01","guid":{"rendered":"https:\/\/www.deporteseli.com\/?product=set-jhayber-ds23028"},"modified":"2026-03-07T05:21:34","modified_gmt":"2026-03-07T05:21:34","slug":"set-jhayber-ds23028","status":"publish","type":"product","link":"https:\/\/www.deporteseli.com\/?product=set-jhayber-ds23028","title":{"rendered":"SET JHAYBER DS23028"},"content":{"rendered":"<p>Conjunto deportivo para mujer compuesto por camiseta y falda corto.    CARACTER\u00cdSTICAS CAMISETA    Camiseta deportiva para mujer en color fucsia, fabricada en tejido resistente y ligero. La camiseta est\u00e1 confeccionada con poli\u00e9ster para garantizar su r\u00e1pido secado, y con elastano, que favorece la elasticidad y flexibilidad, por lo que son perfectas para la pr\u00e1ctica de todo tipo de deportes. Esta camiseta t\u00e9cnica est\u00e1 fabricada con la tecnolog\u00eda SINCRONIC, que evita arrugas y deformaci\u00f3n en los tejidos.    Otras caracter\u00edsticas:    &#8211; Cinta cubre costuras en el cuello para un contacto m\u00e1s suave con la piel.    &#8211; Etiqueta de talla impresa en camiseta para evitar roces.    CARACTER\u00cdSTICAS FALDA    Falda de deporte para mujer en color negro, fabricada en tejido resistente y ligero. Esta falda tiene un pantal\u00f3n corto incorporado que proporciona mayor sujeci\u00f3n.    La falda deportiva est\u00e1 confeccionada con poli\u00e9ster para garantizar su r\u00e1pido secado, y con elastano que favorece la elasticidad y flexibilidad, por lo que con esta falda de deporte tendr\u00e1s libertad de movimiento. Adem\u00e1s cuenta con dos bolsillos laterales, y est\u00e1 confeccionado con la tecnolog\u00eda SINCRONIC, que evita arrugas y deformaci\u00f3n en los tejidos.    Tecnolog\u00edas de los conjuntos deportivos J\u2019hayber:    &#8211; ADAPTEX: Facilita la adaptabilidad y la flexibilidad. Tejido ligero, anti-adherente y de secado r\u00e1pido.    &#8211; FLEXYDRY: Prenda con elastano, que favorece la elasticidad y flexibilidad, y poli\u00e9ster, que garantiza su r\u00e1pido secado.    &#8211; SINCRONIC: Tecnolog\u00eda que evita arrugas y deformaci\u00f3n de los tejidos. Prenda ligera con acabado perchado en su interior, que favorece el volumen y densidad.    &#8211; WINDPROTEX: Tecnolog\u00eda que protege del viento y de la lluvia suave    No se venden las prendas por separado                                                                                                                                                                                                                                                                                                                                                                                                                                                                                                                                                                                                                                                                                                                                                                                                                                                                                                                                                                                                                                        <\/p>\n","protected":false},"excerpt":{"rendered":"<p>SET JHAYBER DS23028<\/p>\n","protected":false},"featured_media":52740,"template":"","meta":[],"product_brand":[],"product_cat":[367],"product_tag":[],"class_list":{"0":"post-38369","1":"product","2":"type-product","3":"status-publish","4":"has-post-thumbnail","6":"product_cat-padel_y_tenis_textil_conjuntos","7":"pa_color-unico","8":"pa_talla-l","9":"pa_talla-xs","10":"thunk-woo-product-list","11":"opn-qv-enable","12":"open-woo-hover-","13":"open-single-product-tab-horizontal","14":"open-shadow-","15":"open-shadow-hover-","17":"first","18":"instock","19":"shipping-taxable","20":"purchasable","21":"product-type-variable"},"jetpack_sharing_enabled":true,"_links":{"self":[{"href":"https:\/\/www.deporteseli.com\/index.php?rest_route=\/wp\/v2\/product\/38369","targetHints":{"allow":["GET"]}}],"collection":[{"href":"https:\/\/www.deporteseli.com\/index.php?rest_route=\/wp\/v2\/product"}],"about":[{"href":"https:\/\/www.deporteseli.com\/index.php?rest_route=\/wp\/v2\/types\/product"}],"wp:featuredmedia":[{"embeddable":true,"href":"https:\/\/www.deporteseli.com\/index.php?rest_route=\/wp\/v2\/media\/52740"}],"wp:attachment":[{"href":"https:\/\/www.deporteseli.com\/index.php?rest_route=%2Fwp%2Fv2%2Fmedia&parent=38369"}],"wp:term":[{"taxonomy":"product_brand","embeddable":true,"href":"https:\/\/www.deporteseli.com\/index.php?rest_route=%2Fwp%2Fv2%2Fproduct_brand&post=38369"},{"taxonomy":"product_cat","embeddable":true,"href":"https:\/\/www.deporteseli.com\/index.php?rest_route=%2Fwp%2Fv2%2Fproduct_cat&post=38369"},{"taxonomy":"product_tag","embeddable":true,"href":"https:\/\/www.deporteseli.com\/index.php?rest_route=%2Fwp%2Fv2%2Fproduct_tag&post=38369"}],"curies":[{"name":"wp","href":"https:\/\/api.w.org\/{rel}","templated":true}]}}