{"id":38360,"date":"2026-01-27T18:06:47","date_gmt":"2026-01-27T18:06:47","guid":{"rendered":"https:\/\/www.deporteseli.com\/?product=set-jhayber-dn23076"},"modified":"2026-03-07T05:21:26","modified_gmt":"2026-03-07T05:21:26","slug":"set-jhayber-dn23076","status":"publish","type":"product","link":"https:\/\/www.deporteseli.com\/?product=set-jhayber-dn23076","title":{"rendered":"SET JHAYBER DN23076"},"content":{"rendered":"<p>Conjunto deportivo para ni\u00f1a compuesto por camiseta y falda corto.    CARACTER\u00cdSTICAS CAMISETA    Camiseta deportiva para ni\u00f1a en color blanco, fabricada en tejido resistente y ligero. La camiseta est\u00e1 confeccionada con poli\u00e9ster para garantizar su r\u00e1pido secado, y con elastano, que favorece la elasticidad y flexibilidad, por lo que son perfectas para la pr\u00e1ctica de todo tipo de deportes. Esta camiseta t\u00e9cnica est\u00e1 fabricada con la tecnolog\u00eda SINCRONIC, que evita arrugas y deformaci\u00f3n en los tejidos.    Otras caracter\u00edsticas:    &#8211; Cinta cubre costuras en el cuello para un contacto m\u00e1s suave con la piel.    &#8211; Etiqueta de talla impresa en camiseta para evitar roces.    CARACTER\u00cdSTICAS FALDA    Falda de deporte para ni\u00f1a en color rosa, fabricada en tejido resistente y ligero. Esta falda tiene un pantal\u00f3n corto incorporado que proporciona mayor sujeci\u00f3n.    La falda deportiva est\u00e1 confeccionada con poli\u00e9ster para garantizar su r\u00e1pido secado, y con elastano que favorece la elasticidad y flexibilidad, por lo que con esta falda de deporte tendr\u00e1s libertad de movimiento. Adem\u00e1s cuenta con dos bolsillos laterales, y est\u00e1 confeccionado con la tecnolog\u00eda SINCRONIC, que evita arrugas y deformaci\u00f3n en los tejidos.    Tecnolog\u00edas de los conjuntos deportivos J\u2019hayber:    &#8211; ADAPTEX: Facilita la adaptabilidad y la flexibilidad. Tejido ligero, anti-adherente y de secado r\u00e1pido.    &#8211; FLEXYDRY: Prenda con elastano, que favorece la elasticidad y flexibilidad, y poli\u00e9ster, que garantiza su r\u00e1pido secado.    &#8211; SINCRONIC: Tecnolog\u00eda que evita arrugas y deformaci\u00f3n de los tejidos. Prenda ligera con acabado perchado en su interior, que favorece el volumen y densidad.    &#8211; WINDPROTEX: Tecnolog\u00eda que protege del viento y de la lluvia suave.    No se venden las prendas por separado.                                                                                                                                                                                                                                                                                                                                                                                                                                                                                                                                                                                                                                                                                                                                                                                                                                                                                                                                                                                                                                        <\/p>\n","protected":false},"excerpt":{"rendered":"<p>SET JHAYBER DN23076<\/p>\n","protected":false},"featured_media":52736,"template":"","meta":[],"product_brand":[],"product_cat":[367],"product_tag":[],"class_list":{"0":"post-38360","1":"product","2":"type-product","3":"status-publish","4":"has-post-thumbnail","6":"product_cat-padel_y_tenis_textil_conjuntos","7":"pa_color-unico","8":"pa_talla-t-12","9":"pa_talla-t-14","10":"pa_talla-t-16","11":"pa_talla-t-4","12":"thunk-woo-product-list","13":"opn-qv-enable","14":"open-woo-hover-","15":"open-single-product-tab-horizontal","16":"open-shadow-","17":"open-shadow-hover-","19":"first","20":"instock","21":"shipping-taxable","22":"purchasable","23":"product-type-variable"},"jetpack_sharing_enabled":true,"_links":{"self":[{"href":"https:\/\/www.deporteseli.com\/index.php?rest_route=\/wp\/v2\/product\/38360","targetHints":{"allow":["GET"]}}],"collection":[{"href":"https:\/\/www.deporteseli.com\/index.php?rest_route=\/wp\/v2\/product"}],"about":[{"href":"https:\/\/www.deporteseli.com\/index.php?rest_route=\/wp\/v2\/types\/product"}],"wp:featuredmedia":[{"embeddable":true,"href":"https:\/\/www.deporteseli.com\/index.php?rest_route=\/wp\/v2\/media\/52736"}],"wp:attachment":[{"href":"https:\/\/www.deporteseli.com\/index.php?rest_route=%2Fwp%2Fv2%2Fmedia&parent=38360"}],"wp:term":[{"taxonomy":"product_brand","embeddable":true,"href":"https:\/\/www.deporteseli.com\/index.php?rest_route=%2Fwp%2Fv2%2Fproduct_brand&post=38360"},{"taxonomy":"product_cat","embeddable":true,"href":"https:\/\/www.deporteseli.com\/index.php?rest_route=%2Fwp%2Fv2%2Fproduct_cat&post=38360"},{"taxonomy":"product_tag","embeddable":true,"href":"https:\/\/www.deporteseli.com\/index.php?rest_route=%2Fwp%2Fv2%2Fproduct_tag&post=38360"}],"curies":[{"name":"wp","href":"https:\/\/api.w.org\/{rel}","templated":true}]}}