{"id":38335,"date":"2026-01-27T18:06:13","date_gmt":"2026-01-27T18:06:13","guid":{"rendered":"https:\/\/www.deporteseli.com\/?product=camiseta-de-tirantes-head-performance-mujer-n"},"modified":"2026-03-07T05:20:59","modified_gmt":"2026-03-07T05:20:59","slug":"camiseta-de-tirantes-head-performance-mujer-n","status":"publish","type":"product","link":"https:\/\/www.deporteseli.com\/?product=camiseta-de-tirantes-head-performance-mujer-n","title":{"rendered":"CAMISETA DE TIRANTES HEAD PERFORMANCE MUJER N"},"content":{"rendered":"<p>Si\u00e9ntete completamente libre en la cancha con una camiseta sin mangas de alto rendimiento para mujer confeccionada con un tejido moderno y el\u00e1stico y una tecnolog\u00eda innovadora que absorbe la humedad.    Cuanto m\u00e1s c\u00f3moda te sientas en la cancha, m\u00e1s probable es que produzcas tu mejor tenis, y esta camiseta sin mangas de alto rendimiento para mujer te ayudar\u00e1 a sentirte bien cuando est\u00e9s compitiendo o practicando. Creada a partir de un tejido moderno y el\u00e1stico que contiene elastano, la camiseta sin mangas tambi\u00e9n viene con la avanzada tecnolog\u00eda de microfibra de transferencia de humedad de HEAD, que brinda un efecto refrescante y permite que el material se seque r\u00e1pidamente. Las inserciones de malla aumentan la transpirabilidad y la comodidad. Actuar\u00e1s con estilo gracias al escote redondo y femenino y los logotipos de espoleta plateada metalizada. Las otras caracter\u00edsticas incluyen un inserto triangular en el dobladillo inferior.  Caracter\u00edsticas    Escote redondo femenino  Inserciones de malla para una mayor transpirabilidad  Inserci\u00f3n de tri\u00e1ngulo en el dobladillo inferior  Logotipos met\u00e1licos plateados  Tecnolog\u00edas    MXM    Las competiciones intensas y los duros entrenamientos exigen mucho de la ropa. Para ello, desarrollamos la tecnolog\u00eda HEAD Sportswear MXM (Moisture Transfer Microfibre). Estas microfibras de alto rendimiento mueven el sudor a la superficie del material donde se elimina de manera eficiente. Esto trae un efecto refrescante y permite que el material se seque r\u00e1pidamente.                                                                                                                                                                                                                                                                                                                                                                                                                                                                                                                                                                                                                                                                                                                                                                                                                                                                                                                                                                                                                                        <\/p>\n","protected":false},"excerpt":{"rendered":"<p>CAMISETA DE TIRANTES HEAD PERFORMANCE MUJER N<\/p>\n","protected":false},"featured_media":52715,"template":"","meta":[],"product_brand":[],"product_cat":[364],"product_tag":[22],"class_list":{"0":"post-38335","1":"product","2":"type-product","3":"status-publish","4":"has-post-thumbnail","6":"product_cat-padel_y_tenis_textil_camisas","7":"product_tag-head","8":"pa_color-unico","9":"pa_talla-l","10":"thunk-woo-product-list","11":"opn-qv-enable","12":"open-woo-hover-","13":"open-single-product-tab-horizontal","14":"open-shadow-","15":"open-shadow-hover-","17":"first","18":"instock","19":"shipping-taxable","20":"purchasable","21":"product-type-variable"},"jetpack_sharing_enabled":true,"_links":{"self":[{"href":"https:\/\/www.deporteseli.com\/index.php?rest_route=\/wp\/v2\/product\/38335","targetHints":{"allow":["GET"]}}],"collection":[{"href":"https:\/\/www.deporteseli.com\/index.php?rest_route=\/wp\/v2\/product"}],"about":[{"href":"https:\/\/www.deporteseli.com\/index.php?rest_route=\/wp\/v2\/types\/product"}],"wp:featuredmedia":[{"embeddable":true,"href":"https:\/\/www.deporteseli.com\/index.php?rest_route=\/wp\/v2\/media\/52715"}],"wp:attachment":[{"href":"https:\/\/www.deporteseli.com\/index.php?rest_route=%2Fwp%2Fv2%2Fmedia&parent=38335"}],"wp:term":[{"taxonomy":"product_brand","embeddable":true,"href":"https:\/\/www.deporteseli.com\/index.php?rest_route=%2Fwp%2Fv2%2Fproduct_brand&post=38335"},{"taxonomy":"product_cat","embeddable":true,"href":"https:\/\/www.deporteseli.com\/index.php?rest_route=%2Fwp%2Fv2%2Fproduct_cat&post=38335"},{"taxonomy":"product_tag","embeddable":true,"href":"https:\/\/www.deporteseli.com\/index.php?rest_route=%2Fwp%2Fv2%2Fproduct_tag&post=38335"}],"curies":[{"name":"wp","href":"https:\/\/api.w.org\/{rel}","templated":true}]}}