{"id":38325,"date":"2026-01-27T18:05:59","date_gmt":"2026-01-27T18:05:59","guid":{"rendered":"https:\/\/www.deporteseli.com\/?product=k-swiss-hypercourt-express-2-zapatilla-todas"},"modified":"2026-03-06T05:18:09","modified_gmt":"2026-03-06T05:18:09","slug":"k-swiss-hypercourt-express-2-zapatilla-todas","status":"publish","type":"product","link":"https:\/\/www.deporteseli.com\/?product=k-swiss-hypercourt-express-2-zapatilla-todas","title":{"rendered":"K-SWISS HYPERCOURT EXPRESS 2 ZAPATILLA TODAS"},"content":{"rendered":"<p>Traemos para ti estas incre\u00edbles y \u00fanicas zapatillas de padel, K-Swiss Hypercourt Express 2 HB. Presentan una suela clay espiga, ideal para superficies de arena.    La tecnolog\u00eda Stay-Tied Laces, esta conformada con una terminaci\u00f3n ondulada de los cordones, que act\u00faa de manera ideal como una trampa para mantenerlos siempre atados.     Adem\u00e1s, presentan un forro interior que transporta la humedad al exterior y un tejido  Heel Grip Lining  en el tal\u00f3n para mejor sujecci\u00f3n y estabilidad.     Y te aseguran m\u00e1xima comodidad sin costuras.                                                                                                                                                                                                                                                                                                                                                                                                                                                                                                                                                                                                                                                                                                                                                                                                                                                                                                                                                                                                                                        <\/p>\n","protected":false},"excerpt":{"rendered":"<p>K-SWISS HYPERCOURT EXPRESS 2 ZAPATILLA TODAS<\/p>\n","protected":false},"featured_media":52709,"template":"","meta":[],"product_brand":[],"product_cat":[371],"product_tag":[26],"class_list":{"0":"post-38325","1":"product","2":"type-product","3":"status-publish","4":"has-post-thumbnail","6":"product_cat-padel_y_tenis_calzado","7":"product_tag-k-swiss","8":"pa_color-unico","9":"pa_talla-151","10":"pa_talla-41-5","11":"pa_talla-155","12":"pa_talla-157","13":"thunk-woo-product-list","14":"opn-qv-enable","15":"open-woo-hover-","16":"open-single-product-tab-horizontal","17":"open-shadow-","18":"open-shadow-hover-","20":"first","21":"instock","22":"sale","23":"shipping-taxable","24":"purchasable","25":"product-type-variable"},"jetpack_sharing_enabled":true,"_links":{"self":[{"href":"https:\/\/www.deporteseli.com\/index.php?rest_route=\/wp\/v2\/product\/38325","targetHints":{"allow":["GET"]}}],"collection":[{"href":"https:\/\/www.deporteseli.com\/index.php?rest_route=\/wp\/v2\/product"}],"about":[{"href":"https:\/\/www.deporteseli.com\/index.php?rest_route=\/wp\/v2\/types\/product"}],"wp:featuredmedia":[{"embeddable":true,"href":"https:\/\/www.deporteseli.com\/index.php?rest_route=\/wp\/v2\/media\/52709"}],"wp:attachment":[{"href":"https:\/\/www.deporteseli.com\/index.php?rest_route=%2Fwp%2Fv2%2Fmedia&parent=38325"}],"wp:term":[{"taxonomy":"product_brand","embeddable":true,"href":"https:\/\/www.deporteseli.com\/index.php?rest_route=%2Fwp%2Fv2%2Fproduct_brand&post=38325"},{"taxonomy":"product_cat","embeddable":true,"href":"https:\/\/www.deporteseli.com\/index.php?rest_route=%2Fwp%2Fv2%2Fproduct_cat&post=38325"},{"taxonomy":"product_tag","embeddable":true,"href":"https:\/\/www.deporteseli.com\/index.php?rest_route=%2Fwp%2Fv2%2Fproduct_tag&post=38325"}],"curies":[{"name":"wp","href":"https:\/\/api.w.org\/{rel}","templated":true}]}}