{"id":38315,"date":"2026-01-27T18:05:47","date_gmt":"2026-01-27T18:05:47","guid":{"rendered":"https:\/\/www.deporteseli.com\/?product=monedero-bullpadel-bpp-23009-negro"},"modified":"2026-01-27T18:05:48","modified_gmt":"2026-01-27T18:05:48","slug":"monedero-bullpadel-bpp-23009-negro","status":"publish","type":"product","link":"https:\/\/www.deporteseli.com\/?product=monedero-bullpadel-bpp-23009-negro","title":{"rendered":"MONEDERO BULLPADEL BPP-23009 NEGRO"},"content":{"rendered":"<p>El monedero de Bullpadel es muy pr\u00e1ctico gracias a su cierre con cremallera y a su asa, ya que puede colgarse en la mu\u00f1eca y facilita su transporte.  Medidas: 12&#215;8 cms    Composici\u00f3n: Poli\u00e9ster 600D    Color: Negro                                                                                                                                                                                                                                                                                                                                                                                                                                                                                                                                                                                                                                                                                                                                                                                                                                                                                                                                                                                                                                        <\/p>\n","protected":false},"excerpt":{"rendered":"<p>MONEDERO BULLPADEL BPP-23009 NEGRO<\/p>\n","protected":false},"featured_media":52702,"template":"","meta":[],"product_brand":[],"product_cat":[355],"product_tag":[21],"class_list":{"0":"post-38315","1":"product","2":"type-product","3":"status-publish","4":"has-post-thumbnail","6":"product_cat-padel_y_tenis_mochilas","7":"product_tag-bull_padel","8":"pa_color-unico","9":"pa_talla-unica","10":"thunk-woo-product-list","11":"opn-qv-enable","12":"open-woo-hover-","13":"open-single-product-tab-horizontal","14":"open-shadow-","15":"open-shadow-hover-","17":"first","18":"instock","19":"sale","20":"shipping-taxable","21":"purchasable","22":"product-type-variable"},"jetpack_sharing_enabled":true,"_links":{"self":[{"href":"https:\/\/www.deporteseli.com\/index.php?rest_route=\/wp\/v2\/product\/38315","targetHints":{"allow":["GET"]}}],"collection":[{"href":"https:\/\/www.deporteseli.com\/index.php?rest_route=\/wp\/v2\/product"}],"about":[{"href":"https:\/\/www.deporteseli.com\/index.php?rest_route=\/wp\/v2\/types\/product"}],"wp:featuredmedia":[{"embeddable":true,"href":"https:\/\/www.deporteseli.com\/index.php?rest_route=\/wp\/v2\/media\/52702"}],"wp:attachment":[{"href":"https:\/\/www.deporteseli.com\/index.php?rest_route=%2Fwp%2Fv2%2Fmedia&parent=38315"}],"wp:term":[{"taxonomy":"product_brand","embeddable":true,"href":"https:\/\/www.deporteseli.com\/index.php?rest_route=%2Fwp%2Fv2%2Fproduct_brand&post=38315"},{"taxonomy":"product_cat","embeddable":true,"href":"https:\/\/www.deporteseli.com\/index.php?rest_route=%2Fwp%2Fv2%2Fproduct_cat&post=38315"},{"taxonomy":"product_tag","embeddable":true,"href":"https:\/\/www.deporteseli.com\/index.php?rest_route=%2Fwp%2Fv2%2Fproduct_tag&post=38315"}],"curies":[{"name":"wp","href":"https:\/\/api.w.org\/{rel}","templated":true}]}}