{"id":38302,"date":"2026-01-27T18:05:29","date_gmt":"2026-01-27T18:05:29","guid":{"rendered":"https:\/\/www.deporteseli.com\/?product=nike-zapatillas-revolution-6"},"modified":"2026-02-13T10:46:50","modified_gmt":"2026-02-13T10:46:50","slug":"nike-zapatillas-revolution-6","status":"publish","type":"product","link":"https:\/\/www.deporteseli.com\/?product=nike-zapatillas-revolution-6","title":{"rendered":"NIKE ZAPATILLAS REVOLUTION 6"},"content":{"rendered":"<p>El Nike Revolution 6 tiene que ver con la versatilidad para nuestros atletas m\u00e1s peque\u00f1os.    Desde jugar todo el d\u00eda hasta usarlos en cualquier momento con cualquier atuendo, los ni\u00f1os pueden sentirse c\u00f3modos y seguros despu\u00e9s de pon\u00e9rselos.    Ligero, transpirable y acolchado, no puedes equivocarte con eso.    Caracter\u00edsticas:    La tela liviana proporciona transpirabilidad para que los pies peque\u00f1os puedan mantenerse frescos.    Una correa de velcro y cordones el\u00e1sticos hacen que estas zapatillas sean f\u00e1ciles de poner y quitar.    La espuma suave debajo del pie crea una amortiguaci\u00f3n lujosa en cada paso.    La superposici\u00f3n del tal\u00f3n ofrece soporte y estabilidad para movimientos multidireccionales.    La capa extra de piel en los dedos de los pies proporciona refuerzo contra los dedos que arrastran.                                                                                                                                                                                                                                                                                                                                                                                                                                                                                                                                                                                                                                                                                                                                                                                                                                                                                                                                                                                                                                        <\/p>\n","protected":false},"excerpt":{"rendered":"<p>NIKE ZAPATILLAS REVOLUTION 6<\/p>\n","protected":false},"featured_media":52685,"template":"","meta":[],"product_brand":[],"product_cat":[237],"product_tag":[37],"class_list":{"0":"post-38302","1":"product","2":"type-product","3":"status-publish","4":"has-post-thumbnail","6":"product_cat-outlet_calzado","7":"product_tag-nike","8":"pa_color-unico","9":"pa_talla-113","10":"pa_talla-t-21","11":"thunk-woo-product-list","12":"opn-qv-enable","13":"open-woo-hover-","14":"open-single-product-tab-horizontal","15":"open-shadow-","16":"open-shadow-hover-","18":"first","19":"instock","20":"shipping-taxable","21":"purchasable","22":"product-type-variable"},"jetpack_sharing_enabled":true,"_links":{"self":[{"href":"https:\/\/www.deporteseli.com\/index.php?rest_route=\/wp\/v2\/product\/38302","targetHints":{"allow":["GET"]}}],"collection":[{"href":"https:\/\/www.deporteseli.com\/index.php?rest_route=\/wp\/v2\/product"}],"about":[{"href":"https:\/\/www.deporteseli.com\/index.php?rest_route=\/wp\/v2\/types\/product"}],"wp:featuredmedia":[{"embeddable":true,"href":"https:\/\/www.deporteseli.com\/index.php?rest_route=\/wp\/v2\/media\/52685"}],"wp:attachment":[{"href":"https:\/\/www.deporteseli.com\/index.php?rest_route=%2Fwp%2Fv2%2Fmedia&parent=38302"}],"wp:term":[{"taxonomy":"product_brand","embeddable":true,"href":"https:\/\/www.deporteseli.com\/index.php?rest_route=%2Fwp%2Fv2%2Fproduct_brand&post=38302"},{"taxonomy":"product_cat","embeddable":true,"href":"https:\/\/www.deporteseli.com\/index.php?rest_route=%2Fwp%2Fv2%2Fproduct_cat&post=38302"},{"taxonomy":"product_tag","embeddable":true,"href":"https:\/\/www.deporteseli.com\/index.php?rest_route=%2Fwp%2Fv2%2Fproduct_tag&post=38302"}],"curies":[{"name":"wp","href":"https:\/\/api.w.org\/{rel}","templated":true}]}}