{"id":38284,"date":"2026-01-27T18:05:02","date_gmt":"2026-01-27T18:05:02","guid":{"rendered":"https:\/\/www.deporteseli.com\/?product=zapatillas-head-sprint-evo-3-0-clay-azul-mari"},"modified":"2026-04-08T09:45:36","modified_gmt":"2026-04-08T09:45:36","slug":"zapatillas-head-sprint-evo-3-0-clay-azul-mari","status":"publish","type":"product","link":"https:\/\/www.deporteseli.com\/?product=zapatillas-head-sprint-evo-3-0-clay-azul-mari","title":{"rendered":"ZAPATILLAS HEAD SPRINT EVO 3.0 CLAY AZUL MARI"},"content":{"rendered":"<p>Calzado para jugar al tenis y p\u00e1del de HEAD Sprint Evo 3.0 Clay en color azul marino y turquesa.    Upper de textil muy transpirable.  Refuerzos de piel sint\u00e9tica en zonas estrat\u00e9gicas.  Tecnolog\u00eda de amortiguaci\u00f3n y alto rendimiento TRINERGY.  Plantilla de EVA moldeada.  Suela de caucho en espiga CLAY para c\u00e9sped artificial y tierra batida.                                                                                                                                                                                                                                                                                                                                                                                                                                                                                                                                                                                                                                                                                                                                                                                                                                                                                                                                                                                                                                        <\/p>\n","protected":false},"excerpt":{"rendered":"<p>ZAPATILLAS HEAD SPRINT EVO 3.0 CLAY AZUL MARI<\/p>\n","protected":false},"featured_media":52676,"template":"","meta":[],"product_brand":[],"product_cat":[371],"product_tag":[22],"class_list":{"0":"post-38284","1":"product","2":"type-product","3":"status-publish","4":"has-post-thumbnail","6":"product_cat-padel_y_tenis_calzado","7":"product_tag-head","8":"pa_color-unico","9":"pa_talla-153","10":"pa_talla-42-5","11":"pa_talla-155","12":"pa_talla-157","13":"thunk-woo-product-list","14":"opn-qv-enable","15":"open-woo-hover-","16":"open-single-product-tab-horizontal","17":"open-shadow-","18":"open-shadow-hover-","20":"first","21":"instock","22":"sale","23":"shipping-taxable","24":"purchasable","25":"product-type-variable"},"jetpack_sharing_enabled":true,"_links":{"self":[{"href":"https:\/\/www.deporteseli.com\/index.php?rest_route=\/wp\/v2\/product\/38284","targetHints":{"allow":["GET"]}}],"collection":[{"href":"https:\/\/www.deporteseli.com\/index.php?rest_route=\/wp\/v2\/product"}],"about":[{"href":"https:\/\/www.deporteseli.com\/index.php?rest_route=\/wp\/v2\/types\/product"}],"wp:featuredmedia":[{"embeddable":true,"href":"https:\/\/www.deporteseli.com\/index.php?rest_route=\/wp\/v2\/media\/52676"}],"wp:attachment":[{"href":"https:\/\/www.deporteseli.com\/index.php?rest_route=%2Fwp%2Fv2%2Fmedia&parent=38284"}],"wp:term":[{"taxonomy":"product_brand","embeddable":true,"href":"https:\/\/www.deporteseli.com\/index.php?rest_route=%2Fwp%2Fv2%2Fproduct_brand&post=38284"},{"taxonomy":"product_cat","embeddable":true,"href":"https:\/\/www.deporteseli.com\/index.php?rest_route=%2Fwp%2Fv2%2Fproduct_cat&post=38284"},{"taxonomy":"product_tag","embeddable":true,"href":"https:\/\/www.deporteseli.com\/index.php?rest_route=%2Fwp%2Fv2%2Fproduct_tag&post=38284"}],"curies":[{"name":"wp","href":"https:\/\/api.w.org\/{rel}","templated":true}]}}