{"id":38277,"date":"2026-01-27T18:04:51","date_gmt":"2026-01-27T18:04:51","guid":{"rendered":"https:\/\/www.deporteseli.com\/?product=solution-swift-ff-padel-3"},"modified":"2026-03-22T05:18:19","modified_gmt":"2026-03-22T05:18:19","slug":"solution-swift-ff-padel-3","status":"publish","type":"product","link":"https:\/\/www.deporteseli.com\/?product=solution-swift-ff-padel-3","title":{"rendered":"SOLUTION SWIFT FF PADEL"},"content":{"rendered":"<p>Asics Solution Swift FF Padel son las zapatillas de p\u00e1del para hombre, ligeras y r\u00e1pidas, dise\u00f1adas para jugadores de todo tipo que realizan movimientos r\u00e1pidos y \u00e1giles.  Detalles:    Tecnolog\u00eda DYNAWALL en la zona medial que envuelve el pie para ofrecer estabilidad en los cambios de direcci\u00f3n  La estructura DYNAWRAP presenta inserciones en la parte superior que envuelven el pie  Tecnolog\u00eda PGuard en la puntera y parte medial que ofrece protecci\u00f3n  Pivot Point en el antepi\u00e9 que favorece rotaciones de 90 o 180 grados  Suela con tecnolog\u00eda X Groove espec\u00edfica para p\u00e1del con profundos surcos de flexi\u00f3n en el antepi\u00e9 que facilitan los movimientos r\u00e1pidos  Suela que no deja marcas  Suela interior extra\u00edble  TWISTRUSS  La tecnologia TWISTRUSS ha sido proyectada para dar un cambio de direccion mas rapido sin hacer perder velocidad a los jugadores. Las hendiduras de la exclusiva estructura trusstic mejoran las torsiones internas manteniendo un peso ligero.    FlyteFoam   La tecnolog\u00eca FlyteFoam, creada con fibras reforzadas, garantiza una amortiguacion ligera y continua. Court Specific FlyteFoam, material de la entresuela, es casi un 35% mas ligero respecto al material entresuela industrial standard y de un 10% mas duradero respecto a la entresuela FlyteFoam para las zapatillas de correr.    Rearfoot Gel  Asics Gel es un sistema de amortiguaci\u00f3n que emplea la silicona para responder a la necesidad de los atletas tanto profesionales como diletantes. Rearfoot Gel ofrece amortiguaci\u00f3n en toda direcci\u00f3n, absorbe los choques y ayuda a estabilizar el pie durante el impacto del tal\u00f3n.    Forefoot Gel  Asics GelL es un sistema de amortiguaci\u00f3n que emplea la silicona para responder a la necesidad de los atletas tanto profesionales como diletantes. Forefoot Gel reduce las fuerzas de cargo durante el empuje, mejorando el rendimiento y reduciendo considerablemente el riesgo de accidentes.    AHAR  Asicas Hig Abrasion Resistance Rubber (AHAR) es una goma dura y compuesta usada en las zonas de mayor impacto de la suela, como el tal\u00f2n.    FLEXION FIT  La tecnologia FLEXION FIT de ASICS incorporada sobre la parte superior anterior garantiza un ajuste excepcional y adecuado durante el movimiento y comodidad durante el juego.                                                                                                                                                                                                                                                                                                                                                                                                                                                                                                                                                                                                                                                                                                                                                                                                                                                                                                                                                                                                                                        <\/p>\n","protected":false},"excerpt":{"rendered":"<p>SOLUTION SWIFT FF PADEL<\/p>\n","protected":false},"featured_media":52671,"template":"","meta":[],"product_brand":[],"product_cat":[371],"product_tag":[19],"class_list":{"0":"post-38277","1":"product","2":"type-product","3":"status-publish","4":"has-post-thumbnail","6":"product_cat-padel_y_tenis_calzado","7":"product_tag-asics","8":"pa_color-unico","9":"pa_talla-40-5","10":"pa_talla-41-5","11":"pa_talla-153","12":"pa_talla-42-5","13":"pa_talla-43-5","14":"pa_talla-157","15":"thunk-woo-product-list","16":"opn-qv-enable","17":"open-woo-hover-","18":"open-single-product-tab-horizontal","19":"open-shadow-","20":"open-shadow-hover-","22":"first","23":"instock","24":"sale","25":"shipping-taxable","26":"purchasable","27":"product-type-variable"},"jetpack_sharing_enabled":true,"_links":{"self":[{"href":"https:\/\/www.deporteseli.com\/index.php?rest_route=\/wp\/v2\/product\/38277","targetHints":{"allow":["GET"]}}],"collection":[{"href":"https:\/\/www.deporteseli.com\/index.php?rest_route=\/wp\/v2\/product"}],"about":[{"href":"https:\/\/www.deporteseli.com\/index.php?rest_route=\/wp\/v2\/types\/product"}],"wp:featuredmedia":[{"embeddable":true,"href":"https:\/\/www.deporteseli.com\/index.php?rest_route=\/wp\/v2\/media\/52671"}],"wp:attachment":[{"href":"https:\/\/www.deporteseli.com\/index.php?rest_route=%2Fwp%2Fv2%2Fmedia&parent=38277"}],"wp:term":[{"taxonomy":"product_brand","embeddable":true,"href":"https:\/\/www.deporteseli.com\/index.php?rest_route=%2Fwp%2Fv2%2Fproduct_brand&post=38277"},{"taxonomy":"product_cat","embeddable":true,"href":"https:\/\/www.deporteseli.com\/index.php?rest_route=%2Fwp%2Fv2%2Fproduct_cat&post=38277"},{"taxonomy":"product_tag","embeddable":true,"href":"https:\/\/www.deporteseli.com\/index.php?rest_route=%2Fwp%2Fv2%2Fproduct_tag&post=38277"}],"curies":[{"name":"wp","href":"https:\/\/api.w.org\/{rel}","templated":true}]}}