{"id":38275,"date":"2026-01-27T18:04:48","date_gmt":"2026-01-27T18:04:48","guid":{"rendered":"https:\/\/www.deporteseli.com\/?product=zapatillas-de-running-asics-gel-nimbus-25"},"modified":"2026-02-17T05:17:55","modified_gmt":"2026-02-17T05:17:55","slug":"zapatillas-de-running-asics-gel-nimbus-25","status":"publish","type":"product","link":"https:\/\/www.deporteseli.com\/?product=zapatillas-de-running-asics-gel-nimbus-25","title":{"rendered":"ZAPATILLAS DE RUNNING ASICS GEL-NIMBUS 25"},"content":{"rendered":"<p>Las propiedades de amortiguaci\u00f3n suave de la zapatilla GEL-NIMBUS\u00ae 25 te ayudan a sentirte como si aterrizaras en las nubes. Esta zapatilla neutra se renueva con nuevos materiales que crean una experiencia de carrera m\u00e1s suave y fluida.    Parte superior de punto  Envuelve el pie con un tacto suave a la vez que mejora la transpirabilidad.    El forro del calcet\u00edn se fabrica mediante el proceso de te\u00f1ido en soluci\u00f3n que reduce el uso de agua en aproximadamente un 33% y las emisiones de carbono en aproximadamente un 45% en comparaci\u00f3n con la tecnolog\u00eda de te\u00f1ido convencional.    Tecnolog\u00eda FF BLAST\u2122 ECO PLUS  La amortiguaci\u00f3n crea un aterrizaje m\u00e1s suave y un despegue m\u00e1s sensible.    Detalles reflectantes  Dise\u00f1ado para mejorar la visibilidad en condiciones de poca luz.    Al menos el 75% del material principal de la parte superior de la zapatilla est\u00e1 fabricado con contenido reciclado para reducir los residuos y las emisiones de carbono..    Tecnolog\u00eda PureGEL\u2122  Ayuda a proporcionar una amortiguaci\u00f3n ligera y pisadas m\u00e1s suaves.    Plantilla OrthoLite\u2122 X-55  Mejora la comodidad al pisar.                                                                                                                                                                                                                                                                                                                                                                                                                                                                                                                                                                                                                                                                                                                                                                                                                                                                                                                                                                                                                                        <\/p>\n","protected":false},"excerpt":{"rendered":"<p>ZAPATILLAS DE RUNNING ASICS GEL-NIMBUS 25<\/p>\n","protected":false},"featured_media":52666,"template":"","meta":[],"product_brand":[],"product_cat":[285],"product_tag":[19],"class_list":{"0":"post-38275","1":"product","2":"type-product","3":"status-publish","4":"has-post-thumbnail","6":"product_cat-mujer_calzado_running","7":"product_tag-asics","8":"pa_color-unico","9":"pa_talla-143","10":"pa_talla-145","11":"thunk-woo-product-list","12":"opn-qv-enable","13":"open-woo-hover-","14":"open-single-product-tab-horizontal","15":"open-shadow-","16":"open-shadow-hover-","18":"first","19":"instock","20":"sale","21":"shipping-taxable","22":"purchasable","23":"product-type-variable"},"jetpack_sharing_enabled":true,"_links":{"self":[{"href":"https:\/\/www.deporteseli.com\/index.php?rest_route=\/wp\/v2\/product\/38275","targetHints":{"allow":["GET"]}}],"collection":[{"href":"https:\/\/www.deporteseli.com\/index.php?rest_route=\/wp\/v2\/product"}],"about":[{"href":"https:\/\/www.deporteseli.com\/index.php?rest_route=\/wp\/v2\/types\/product"}],"wp:featuredmedia":[{"embeddable":true,"href":"https:\/\/www.deporteseli.com\/index.php?rest_route=\/wp\/v2\/media\/52666"}],"wp:attachment":[{"href":"https:\/\/www.deporteseli.com\/index.php?rest_route=%2Fwp%2Fv2%2Fmedia&parent=38275"}],"wp:term":[{"taxonomy":"product_brand","embeddable":true,"href":"https:\/\/www.deporteseli.com\/index.php?rest_route=%2Fwp%2Fv2%2Fproduct_brand&post=38275"},{"taxonomy":"product_cat","embeddable":true,"href":"https:\/\/www.deporteseli.com\/index.php?rest_route=%2Fwp%2Fv2%2Fproduct_cat&post=38275"},{"taxonomy":"product_tag","embeddable":true,"href":"https:\/\/www.deporteseli.com\/index.php?rest_route=%2Fwp%2Fv2%2Fproduct_tag&post=38275"}],"curies":[{"name":"wp","href":"https:\/\/api.w.org\/{rel}","templated":true}]}}