{"id":38272,"date":"2026-01-27T18:04:42","date_gmt":"2026-01-27T18:04:42","guid":{"rendered":"https:\/\/www.deporteseli.com\/?product=mallas-7-8-essentials-de-entrenamiento"},"modified":"2026-03-07T05:20:45","modified_gmt":"2026-03-07T05:20:45","slug":"mallas-7-8-essentials-de-entrenamiento","status":"publish","type":"product","link":"https:\/\/www.deporteseli.com\/?product=mallas-7-8-essentials-de-entrenamiento","title":{"rendered":"MALLAS 7\/8 ESSENTIALS DE ENTRENAMIENTO"},"content":{"rendered":"<p>RENDIMIENTO Y CONFORT  Conc\u00e9ntrate en alcanzar tus objetivos en lugar de distraerte con tu ropa. Estas mallas adidas se han dise\u00f1ado para acompa\u00f1arte en todas tus rutinas de entrenamiento. Se han confeccionado en un tejido suave y elegante que estiliza tu silueta y te ofrece una sensaci\u00f3n inigualable de comodidad. La cintura de talle alto se ajusta con precisi\u00f3n y te permite moverte con seguridad y confianza. Su dise\u00f1o sin apenas costuras es tan suave que no te lo podr\u00e1s creer.  Corte ajustado con talle alto  Cintura el\u00e1stica  Interlock 85% poli\u00e9ster reciclado \/ 15% elast\u00e1n  Tejido elegante  Tecnolog\u00eda transpirable AEROREADY  Bolsillo para las llaves en la cintura  Largo por encima del tobillo  M\u00ednima cantidad de costuras  Color del art\u00edculo: Legend Ink  N\u00famero de art\u00edculo: HK6604                                                                                                                                                                                                                                                                                                                                                                                                                                                                                                                                                                                                                                                                                                                                                                                                                                                                                                                                                                                                                                        <\/p>\n","protected":false},"excerpt":{"rendered":"<p>MALLAS 7\/8 ESSENTIALS DE ENTRENAMIENTO<\/p>\n","protected":false},"featured_media":52656,"template":"","meta":[],"product_brand":[],"product_cat":[281],"product_tag":[18],"class_list":{"0":"post-38272","1":"product","2":"type-product","3":"status-publish","4":"has-post-thumbnail","6":"product_cat-mujer_textil_mallas","7":"product_tag-adidas","8":"pa_color-unico","9":"pa_talla-l","10":"pa_talla-m","11":"thunk-woo-product-list","12":"opn-qv-enable","13":"open-woo-hover-","14":"open-single-product-tab-horizontal","15":"open-shadow-","16":"open-shadow-hover-","18":"first","19":"instock","20":"shipping-taxable","21":"purchasable","22":"product-type-variable"},"jetpack_sharing_enabled":true,"_links":{"self":[{"href":"https:\/\/www.deporteseli.com\/index.php?rest_route=\/wp\/v2\/product\/38272","targetHints":{"allow":["GET"]}}],"collection":[{"href":"https:\/\/www.deporteseli.com\/index.php?rest_route=\/wp\/v2\/product"}],"about":[{"href":"https:\/\/www.deporteseli.com\/index.php?rest_route=\/wp\/v2\/types\/product"}],"wp:featuredmedia":[{"embeddable":true,"href":"https:\/\/www.deporteseli.com\/index.php?rest_route=\/wp\/v2\/media\/52656"}],"wp:attachment":[{"href":"https:\/\/www.deporteseli.com\/index.php?rest_route=%2Fwp%2Fv2%2Fmedia&parent=38272"}],"wp:term":[{"taxonomy":"product_brand","embeddable":true,"href":"https:\/\/www.deporteseli.com\/index.php?rest_route=%2Fwp%2Fv2%2Fproduct_brand&post=38272"},{"taxonomy":"product_cat","embeddable":true,"href":"https:\/\/www.deporteseli.com\/index.php?rest_route=%2Fwp%2Fv2%2Fproduct_cat&post=38272"},{"taxonomy":"product_tag","embeddable":true,"href":"https:\/\/www.deporteseli.com\/index.php?rest_route=%2Fwp%2Fv2%2Fproduct_tag&post=38272"}],"curies":[{"name":"wp","href":"https:\/\/api.w.org\/{rel}","templated":true}]}}