{"id":38268,"date":"2026-01-27T18:04:37","date_gmt":"2026-01-27T18:04:37","guid":{"rendered":"https:\/\/www.deporteseli.com\/?product=sudadera-essentials-french-terry-3-bandas"},"modified":"2026-03-07T05:20:42","modified_gmt":"2026-03-07T05:20:42","slug":"sudadera-essentials-french-terry-3-bandas","status":"publish","type":"product","link":"https:\/\/www.deporteseli.com\/?product=sudadera-essentials-french-terry-3-bandas","title":{"rendered":"SUDADERA ESSENTIALS FRENCH TERRY 3 BANDAS"},"content":{"rendered":"<p>24 HORAS DE COMODIDAD  Para correr por la ma\u00f1ana, ir al gimnasio por la tarde o quedar con un amigo por la noche. Esta sudadera adidas se adapta a tu ajetreado ritmo de vida. Su suave tejido de felpa te ofrece una total comodidad.    Este producto se ha confeccionado con material reciclado como parte de nuestro compromiso por acabar con los residuos pl\u00e1sticos. Nuestros productos de algod\u00f3n se han fabricado de forma sostenible.  Corte cl\u00e1sico  Cuello redondo  Felpa 53% algod\u00f3n \/ 36% poli\u00e9ster reciclado \/ 11% viscosa  Tacto suave  Pu\u00f1os y dobladillo de canal\u00e9  Color del art\u00edculo: Legend Ink \/ White  N\u00famero de art\u00edculo: GK9079                                                                                                                                                                                                                                                                                                                                                                                                                                                                                                                                                                                                                                                                                                                                                                                                                                                                                                                                                                                                                                        <\/p>\n","protected":false},"excerpt":{"rendered":"<p>SUDADERA ESSENTIALS FRENCH TERRY 3 BANDAS<\/p>\n","protected":false},"featured_media":52655,"template":"","meta":[],"product_brand":[],"product_cat":[253],"product_tag":[],"class_list":{"0":"post-38268","1":"product","2":"type-product","3":"status-publish","4":"has-post-thumbnail","6":"product_cat-hombre_textil_sudaderas","7":"pa_color-unico","8":"pa_talla-m","9":"pa_talla-s","10":"pa_talla-xl","11":"thunk-woo-product-list","12":"opn-qv-enable","13":"open-woo-hover-","14":"open-single-product-tab-horizontal","15":"open-shadow-","16":"open-shadow-hover-","18":"first","19":"instock","20":"shipping-taxable","21":"purchasable","22":"product-type-variable"},"jetpack_sharing_enabled":true,"_links":{"self":[{"href":"https:\/\/www.deporteseli.com\/index.php?rest_route=\/wp\/v2\/product\/38268","targetHints":{"allow":["GET"]}}],"collection":[{"href":"https:\/\/www.deporteseli.com\/index.php?rest_route=\/wp\/v2\/product"}],"about":[{"href":"https:\/\/www.deporteseli.com\/index.php?rest_route=\/wp\/v2\/types\/product"}],"wp:featuredmedia":[{"embeddable":true,"href":"https:\/\/www.deporteseli.com\/index.php?rest_route=\/wp\/v2\/media\/52655"}],"wp:attachment":[{"href":"https:\/\/www.deporteseli.com\/index.php?rest_route=%2Fwp%2Fv2%2Fmedia&parent=38268"}],"wp:term":[{"taxonomy":"product_brand","embeddable":true,"href":"https:\/\/www.deporteseli.com\/index.php?rest_route=%2Fwp%2Fv2%2Fproduct_brand&post=38268"},{"taxonomy":"product_cat","embeddable":true,"href":"https:\/\/www.deporteseli.com\/index.php?rest_route=%2Fwp%2Fv2%2Fproduct_cat&post=38268"},{"taxonomy":"product_tag","embeddable":true,"href":"https:\/\/www.deporteseli.com\/index.php?rest_route=%2Fwp%2Fv2%2Fproduct_tag&post=38268"}],"curies":[{"name":"wp","href":"https:\/\/api.w.org\/{rel}","templated":true}]}}