{"id":38263,"date":"2026-01-27T18:04:30","date_gmt":"2026-01-27T18:04:30","guid":{"rendered":"https:\/\/www.deporteseli.com\/?product=botas-adidas-gw8495"},"modified":"2026-02-22T05:17:38","modified_gmt":"2026-02-22T05:17:38","slug":"botas-adidas-gw8495","status":"publish","type":"product","link":"https:\/\/www.deporteseli.com\/?product=botas-adidas-gw8495","title":{"rendered":"BOTAS ADIDAS GW8495"},"content":{"rendered":"<p>BOTAS  ADIDAS QUE MEJORAN EL CONTROL HECHOS PARCIALMENTE CON CONTENIDO RECICLADO  Da un giro a lo ordinario para encontrar tus l\u00edmites. Introduce una nueva faceta de tu juego con estos guayos de c\u00e9sped artificial adidas Predator para ni\u00f1os. Su exterior de suave material sint\u00e9tico viene con un acabado texturizado que ayuda a dominar el bal\u00f3n. Su suela de caucho se adhiere al suelo para controlar el juego en la cancha. Un producto hecho parcialmente con contenido reciclado generado a partir de desechos de producci\u00f3n, tales como recortes de tela, y desechos dom\u00e9sticos postconsumo, para evitar un mayor impacto ambiental al producir contenido virgen.  Horma cl\u00e1sica  Sistema de amarre de cordones  Exterior sint\u00e9tico texturizado  Suela de caucho con dise\u00f1o espec\u00edfico para canchas de c\u00e9sped artificial  El 25 % de los componentes utilizados para fabricar el exterior tiene al menos 50 % de contenido reciclado                                                                                                                                                                                                                                                                                                                                                                                                                                                                                                                                                                                                                                                                                                                                                                                                                                                                                                                                                                                                                                        <\/p>\n","protected":false},"excerpt":{"rendered":"<p>BOTAS ADIDAS GW8495<\/p>\n","protected":false},"featured_media":52649,"template":"","meta":[],"product_brand":[],"product_cat":[318],"product_tag":[18],"class_list":{"0":"post-38263","1":"product","2":"type-product","3":"status-publish","4":"has-post-thumbnail","6":"product_cat-deportes_futbol_botas","7":"product_tag-adidas","8":"pa_color-unico","9":"pa_talla-145","10":"pa_talla-38-5","11":"thunk-woo-product-list","12":"opn-qv-enable","13":"open-woo-hover-","14":"open-single-product-tab-horizontal","15":"open-shadow-","16":"open-shadow-hover-","18":"first","19":"instock","20":"sale","21":"shipping-taxable","22":"purchasable","23":"product-type-variable"},"jetpack_sharing_enabled":true,"_links":{"self":[{"href":"https:\/\/www.deporteseli.com\/index.php?rest_route=\/wp\/v2\/product\/38263","targetHints":{"allow":["GET"]}}],"collection":[{"href":"https:\/\/www.deporteseli.com\/index.php?rest_route=\/wp\/v2\/product"}],"about":[{"href":"https:\/\/www.deporteseli.com\/index.php?rest_route=\/wp\/v2\/types\/product"}],"wp:featuredmedia":[{"embeddable":true,"href":"https:\/\/www.deporteseli.com\/index.php?rest_route=\/wp\/v2\/media\/52649"}],"wp:attachment":[{"href":"https:\/\/www.deporteseli.com\/index.php?rest_route=%2Fwp%2Fv2%2Fmedia&parent=38263"}],"wp:term":[{"taxonomy":"product_brand","embeddable":true,"href":"https:\/\/www.deporteseli.com\/index.php?rest_route=%2Fwp%2Fv2%2Fproduct_brand&post=38263"},{"taxonomy":"product_cat","embeddable":true,"href":"https:\/\/www.deporteseli.com\/index.php?rest_route=%2Fwp%2Fv2%2Fproduct_cat&post=38263"},{"taxonomy":"product_tag","embeddable":true,"href":"https:\/\/www.deporteseli.com\/index.php?rest_route=%2Fwp%2Fv2%2Fproduct_tag&post=38263"}],"curies":[{"name":"wp","href":"https:\/\/api.w.org\/{rel}","templated":true}]}}