{"id":38261,"date":"2026-01-27T18:04:25","date_gmt":"2026-01-27T18:04:25","guid":{"rendered":"https:\/\/www.deporteseli.com\/?product=8000-turga-bota-trekin"},"modified":"2026-01-27T18:04:29","modified_gmt":"2026-01-27T18:04:29","slug":"8000-turga-bota-trekin","status":"publish","type":"product","link":"https:\/\/www.deporteseli.com\/?product=8000-turga-bota-trekin","title":{"rendered":"8000 TURGA BOTA TREKIN"},"content":{"rendered":"<p>Bota de trekking de media ca\u00f1a  8000 Turga negra para hombre.  Entresuela de EVA phylon que hace sea muy c\u00f3modo caminar con ellas.  Tecnolog\u00eda SKINTEX impermeable.  Ojales met\u00e1licos duraderos.  Upper sint\u00e9tico resistente.  Suela de goma con tacos y estr\u00edas dise\u00f1ada para potenciar el agarre y la durabilidad.  Plantilla termoformada SIS extra\u00edble.  Condici\u00f3n Nuevo                                                                                                                                                                                                                                                                                                                                                                                                                                                                                                                                                                                                                                                                                                                                                                                                                                                                                                                                                                                                                                        <\/p>\n","protected":false},"excerpt":{"rendered":"<p> 8000 TURGA BOTA TREKIN<\/p>\n","protected":false},"featured_media":52645,"template":"","meta":[],"product_brand":[],"product_cat":[264],"product_tag":[53],"class_list":{"0":"post-38261","1":"product","2":"type-product","3":"status-publish","4":"has-post-thumbnail","6":"product_cat-hombre_calzado_montana","7":"product_tag-_8000","8":"pa_color-unico","9":"pa_talla-151","10":"thunk-woo-product-list","11":"opn-qv-enable","12":"open-woo-hover-","13":"open-single-product-tab-horizontal","14":"open-shadow-","15":"open-shadow-hover-","17":"first","18":"instock","19":"sale","20":"shipping-taxable","21":"purchasable","22":"product-type-variable"},"jetpack_sharing_enabled":true,"_links":{"self":[{"href":"https:\/\/www.deporteseli.com\/index.php?rest_route=\/wp\/v2\/product\/38261","targetHints":{"allow":["GET"]}}],"collection":[{"href":"https:\/\/www.deporteseli.com\/index.php?rest_route=\/wp\/v2\/product"}],"about":[{"href":"https:\/\/www.deporteseli.com\/index.php?rest_route=\/wp\/v2\/types\/product"}],"wp:featuredmedia":[{"embeddable":true,"href":"https:\/\/www.deporteseli.com\/index.php?rest_route=\/wp\/v2\/media\/52645"}],"wp:attachment":[{"href":"https:\/\/www.deporteseli.com\/index.php?rest_route=%2Fwp%2Fv2%2Fmedia&parent=38261"}],"wp:term":[{"taxonomy":"product_brand","embeddable":true,"href":"https:\/\/www.deporteseli.com\/index.php?rest_route=%2Fwp%2Fv2%2Fproduct_brand&post=38261"},{"taxonomy":"product_cat","embeddable":true,"href":"https:\/\/www.deporteseli.com\/index.php?rest_route=%2Fwp%2Fv2%2Fproduct_cat&post=38261"},{"taxonomy":"product_tag","embeddable":true,"href":"https:\/\/www.deporteseli.com\/index.php?rest_route=%2Fwp%2Fv2%2Fproduct_tag&post=38261"}],"curies":[{"name":"wp","href":"https:\/\/api.w.org\/{rel}","templated":true}]}}