{"id":38257,"date":"2026-01-27T18:04:17","date_gmt":"2026-01-27T18:04:17","guid":{"rendered":"https:\/\/www.deporteseli.com\/?product=adidas-b-sere-t-camiseta-ninos"},"modified":"2026-03-07T05:20:37","modified_gmt":"2026-03-07T05:20:37","slug":"adidas-b-sere-t-camiseta-ninos","status":"publish","type":"product","link":"https:\/\/www.deporteseli.com\/?product=adidas-b-sere-t-camiseta-ninos","title":{"rendered":"ADIDAS B SERE T CAMISETA NI\u00f1OS"},"content":{"rendered":"<p>Corte cl\u00e1sico  Cuello redondo  Interlock 100% poli\u00e9ster reciclado  Tejido transpirable  Ropa deportiva fabricada con materiales de primera calidad que se adaptan a cualquier actividad deportiva                                                                                                                                                                                                                                                                                                                                                                                                                                                                                                                                                                                                                                                                                                                                                                                                                                                                                                                                                                                                                                        <\/p>\n","protected":false},"excerpt":{"rendered":"<p>ADIDAS B SERE T CAMISETA NI\u00f1OS<\/p>\n","protected":false},"featured_media":52626,"template":"","meta":[],"product_brand":[],"product_cat":[296],"product_tag":[18],"class_list":{"0":"post-38257","1":"product","2":"type-product","3":"status-publish","4":"has-post-thumbnail","6":"product_cat-nino_textil_camisetas","7":"product_tag-adidas","8":"pa_color-unico","9":"pa_talla-t-10","10":"thunk-woo-product-list","11":"opn-qv-enable","12":"open-woo-hover-","13":"open-single-product-tab-horizontal","14":"open-shadow-","15":"open-shadow-hover-","17":"first","18":"instock","19":"shipping-taxable","20":"purchasable","21":"product-type-variable"},"jetpack_sharing_enabled":true,"_links":{"self":[{"href":"https:\/\/www.deporteseli.com\/index.php?rest_route=\/wp\/v2\/product\/38257","targetHints":{"allow":["GET"]}}],"collection":[{"href":"https:\/\/www.deporteseli.com\/index.php?rest_route=\/wp\/v2\/product"}],"about":[{"href":"https:\/\/www.deporteseli.com\/index.php?rest_route=\/wp\/v2\/types\/product"}],"wp:featuredmedia":[{"embeddable":true,"href":"https:\/\/www.deporteseli.com\/index.php?rest_route=\/wp\/v2\/media\/52626"}],"wp:attachment":[{"href":"https:\/\/www.deporteseli.com\/index.php?rest_route=%2Fwp%2Fv2%2Fmedia&parent=38257"}],"wp:term":[{"taxonomy":"product_brand","embeddable":true,"href":"https:\/\/www.deporteseli.com\/index.php?rest_route=%2Fwp%2Fv2%2Fproduct_brand&post=38257"},{"taxonomy":"product_cat","embeddable":true,"href":"https:\/\/www.deporteseli.com\/index.php?rest_route=%2Fwp%2Fv2%2Fproduct_cat&post=38257"},{"taxonomy":"product_tag","embeddable":true,"href":"https:\/\/www.deporteseli.com\/index.php?rest_route=%2Fwp%2Fv2%2Fproduct_tag&post=38257"}],"curies":[{"name":"wp","href":"https:\/\/api.w.org\/{rel}","templated":true}]}}