{"id":38247,"date":"2026-01-27T18:04:04","date_gmt":"2026-01-27T18:04:04","guid":{"rendered":"https:\/\/www.deporteseli.com\/?product=zapatilla-asics-gel-padel-pro-5-gs"},"modified":"2026-04-08T09:47:58","modified_gmt":"2026-04-08T09:47:58","slug":"zapatilla-asics-gel-padel-pro-5-gs","status":"publish","type":"product","link":"https:\/\/www.deporteseli.com\/?product=zapatilla-asics-gel-padel-pro-5-gs","title":{"rendered":"ZAPATILLA ASICS GEL-PADEL PRO 5 GS"},"content":{"rendered":"<p>Las zapatillas GEL-PADEL PRO 5 GS para ni\u00f1os son un modelo vers\u00e1til para jugadores de p\u00e1del j\u00f3venes. Gracias a una mejor sujeci\u00f3n y un elevado confort, este zapato es ideal para quienes quieren mejorar su experiencia en pista.    Este calzado, que combina capas de cuero sint\u00e9tico y paneles de malla en el empeine, proporciona una \u00f3ptima transpiraci\u00f3n y sujeci\u00f3n donde m\u00e1s lo necesitas.    Adem\u00e1s, la amortiguaci\u00f3n con tecnolog\u00eda GEL ofrece un gran confort y una amplia absorci\u00f3n de impactos bruscos.    Las zapatillas GEL-PADEL PRO 5 GS para ni\u00f1os ayudan a los jugadores j\u00f3venes de pista interior a darle un impulso a su juego gracias a una mayor sujeci\u00f3n, flexibilidad y comodidad.    Detalles:    G\u00e9nero: Junior                                                                                                                                                                                                                                                                                                                                                                                                                                                                                                                                                                                                                                                                                                                                                                                                                                                                                                                                                                                                                                        <\/p>\n","protected":false},"excerpt":{"rendered":"<p>ZAPATILLA ASICS GEL-PADEL PRO 5 GS<\/p>\n","protected":false},"featured_media":52617,"template":"","meta":[],"product_brand":[],"product_cat":[371],"product_tag":[19],"class_list":{"0":"post-38247","1":"product","2":"type-product","3":"status-publish","4":"has-post-thumbnail","6":"product_cat-padel_y_tenis_calzado","7":"product_tag-asics","8":"pa_color-unico","9":"pa_talla-33-5","10":"pa_talla-139","11":"pa_talla-35-5","12":"pa_talla-141","13":"pa_talla-145","14":"pa_talla-39-5","15":"pa_talla-149","16":"thunk-woo-product-list","17":"opn-qv-enable","18":"open-woo-hover-","19":"open-single-product-tab-horizontal","20":"open-shadow-","21":"open-shadow-hover-","23":"first","24":"instock","25":"sale","26":"shipping-taxable","27":"purchasable","28":"product-type-variable"},"jetpack_sharing_enabled":true,"_links":{"self":[{"href":"https:\/\/www.deporteseli.com\/index.php?rest_route=\/wp\/v2\/product\/38247","targetHints":{"allow":["GET"]}}],"collection":[{"href":"https:\/\/www.deporteseli.com\/index.php?rest_route=\/wp\/v2\/product"}],"about":[{"href":"https:\/\/www.deporteseli.com\/index.php?rest_route=\/wp\/v2\/types\/product"}],"wp:featuredmedia":[{"embeddable":true,"href":"https:\/\/www.deporteseli.com\/index.php?rest_route=\/wp\/v2\/media\/52617"}],"wp:attachment":[{"href":"https:\/\/www.deporteseli.com\/index.php?rest_route=%2Fwp%2Fv2%2Fmedia&parent=38247"}],"wp:term":[{"taxonomy":"product_brand","embeddable":true,"href":"https:\/\/www.deporteseli.com\/index.php?rest_route=%2Fwp%2Fv2%2Fproduct_brand&post=38247"},{"taxonomy":"product_cat","embeddable":true,"href":"https:\/\/www.deporteseli.com\/index.php?rest_route=%2Fwp%2Fv2%2Fproduct_cat&post=38247"},{"taxonomy":"product_tag","embeddable":true,"href":"https:\/\/www.deporteseli.com\/index.php?rest_route=%2Fwp%2Fv2%2Fproduct_tag&post=38247"}],"curies":[{"name":"wp","href":"https:\/\/api.w.org\/{rel}","templated":true}]}}