{"id":38243,"date":"2026-01-27T18:03:59","date_gmt":"2026-01-27T18:03:59","guid":{"rendered":"https:\/\/www.deporteseli.com\/?product=zapatilla-asics-gel-padel-pro-5"},"modified":"2026-04-08T09:50:49","modified_gmt":"2026-04-08T09:50:49","slug":"zapatilla-asics-gel-padel-pro-5","status":"publish","type":"product","link":"https:\/\/www.deporteseli.com\/?product=zapatilla-asics-gel-padel-pro-5","title":{"rendered":"ZAPATILLA ASICS GEL-PADEL PRO 5"},"content":{"rendered":"<p>Las zapatillas GEL-PADEL\u2122 PRO 5 son un modelo vers\u00e1til para jugadores de p\u00e1del de competici\u00f3n. Gracias a una mejor sujeci\u00f3n y un elevado confort, este zapato es ideal para quienes quieren mejorar su experiencia en pista.    Este calzado, que combina capas de cuero sint\u00e9tico y paneles de malla en el empeine, proporciona una \u00f3ptima transpiraci\u00f3n y sujeci\u00f3n donde m\u00e1s lo necesitas.    La tecnolog\u00eda TRUSSTIC\u2122 SYSTEM de la entre suela aporta una gran estabilidad en la pista durante las transiciones r\u00e1pidas.    Adem\u00e1s, la amortiguaci\u00f3n con tecnolog\u00eda GEL\u2122 ofrece un gran confort y una amplia absorci\u00f3n de impactos bruscos. Las zapatillas GEL-PADEL\u2122 PRO 5 ayudan a los jugadores de pista interior a darle un impulso a su juego gracias a una mayor sujeci\u00f3n, flexibilidad y comodidad.    Detalles:    Empeine de piel sint\u00e9tica y malla    Amortiguaci\u00f3n con tecnolog\u00eda GEL\u2122 en el antepi\u00e9 que mejora la absorci\u00f3n de impactos    Tecnolog\u00eda TRUSSTIC SYSTEM\u2122 que mejora la estabilidad    G\u00e9nero: Mujer                                                                                                                                                                                                                                                                                                                                                                                                                                                                                                                                                                                                                                                                                                                                                                                                                                                                                                                                                                                                                                        <\/p>\n","protected":false},"excerpt":{"rendered":"<p>ZAPATILLA ASICS GEL-PADEL PRO 5<\/p>\n","protected":false},"featured_media":52615,"template":"","meta":[],"product_brand":[],"product_cat":[371],"product_tag":[19],"class_list":{"0":"post-38243","1":"product","2":"type-product","3":"status-publish","4":"has-post-thumbnail","6":"product_cat-padel_y_tenis_calzado","7":"product_tag-asics","8":"pa_color-unico","9":"pa_talla-143","10":"pa_talla-145","11":"pa_talla-147","12":"thunk-woo-product-list","13":"opn-qv-enable","14":"open-woo-hover-","15":"open-single-product-tab-horizontal","16":"open-shadow-","17":"open-shadow-hover-","19":"first","20":"instock","21":"sale","22":"shipping-taxable","23":"purchasable","24":"product-type-variable"},"jetpack_sharing_enabled":true,"_links":{"self":[{"href":"https:\/\/www.deporteseli.com\/index.php?rest_route=\/wp\/v2\/product\/38243","targetHints":{"allow":["GET"]}}],"collection":[{"href":"https:\/\/www.deporteseli.com\/index.php?rest_route=\/wp\/v2\/product"}],"about":[{"href":"https:\/\/www.deporteseli.com\/index.php?rest_route=\/wp\/v2\/types\/product"}],"wp:featuredmedia":[{"embeddable":true,"href":"https:\/\/www.deporteseli.com\/index.php?rest_route=\/wp\/v2\/media\/52615"}],"wp:attachment":[{"href":"https:\/\/www.deporteseli.com\/index.php?rest_route=%2Fwp%2Fv2%2Fmedia&parent=38243"}],"wp:term":[{"taxonomy":"product_brand","embeddable":true,"href":"https:\/\/www.deporteseli.com\/index.php?rest_route=%2Fwp%2Fv2%2Fproduct_brand&post=38243"},{"taxonomy":"product_cat","embeddable":true,"href":"https:\/\/www.deporteseli.com\/index.php?rest_route=%2Fwp%2Fv2%2Fproduct_cat&post=38243"},{"taxonomy":"product_tag","embeddable":true,"href":"https:\/\/www.deporteseli.com\/index.php?rest_route=%2Fwp%2Fv2%2Fproduct_tag&post=38243"}],"curies":[{"name":"wp","href":"https:\/\/api.w.org\/{rel}","templated":true}]}}