{"id":38228,"date":"2026-01-27T18:03:41","date_gmt":"2026-01-27T18:03:41","guid":{"rendered":"https:\/\/www.deporteseli.com\/?product=runfalcon-3"},"modified":"2026-03-04T05:17:44","modified_gmt":"2026-03-04T05:17:44","slug":"runfalcon-3","status":"publish","type":"product","link":"https:\/\/www.deporteseli.com\/?product=runfalcon-3","title":{"rendered":"RUNFALCON 3"},"content":{"rendered":"<p>RUNFALCON 3 ZAPATOS  ZAPATILLAS DE RUNNING CON AMORTIGUACI\u00d3N FABRICADAS EN PARTE CON MATERIALES RECICLADOS.  Ponte los cordones para correr por el parque o ir a la cafeter\u00eda con estas vers\u00e1tiles zapatillas adidas para correr. Se sienten bien desde el momento en que entras, gracias a la c\u00f3moda entresuela Cloudfoam. La parte superior textil se siente c\u00f3moda y transpirable, y la suela exterior de goma te brinda mucho agarre para una zancada segura. Fabricada con una serie de materiales reciclados, esta parte superior presenta al menos un 50 % de contenido reciclado. Este producto representa solo una de nuestras soluciones para ayudar a acabar con los residuos pl\u00e1sticos.                                                                                                                                                                                                                                                                                                                                                                                                                                                                                                                                                                                                                                                                                                                                                                                                                                                                                                                                                                                                                                        <\/p>\n","protected":false},"excerpt":{"rendered":"<p>RUNFALCON 3<\/p>\n","protected":false},"featured_media":52598,"template":"","meta":[],"product_brand":[],"product_cat":[237],"product_tag":[18],"class_list":{"0":"post-38228","1":"product","2":"type-product","3":"status-publish","4":"has-post-thumbnail","6":"product_cat-outlet_calzado","7":"product_tag-adidas","8":"pa_color-unico","9":"pa_talla-44-5","10":"thunk-woo-product-list","11":"opn-qv-enable","12":"open-woo-hover-","13":"open-single-product-tab-horizontal","14":"open-shadow-","15":"open-shadow-hover-","17":"first","18":"instock","19":"sale","20":"shipping-taxable","21":"purchasable","22":"product-type-variable"},"jetpack_sharing_enabled":true,"_links":{"self":[{"href":"https:\/\/www.deporteseli.com\/index.php?rest_route=\/wp\/v2\/product\/38228","targetHints":{"allow":["GET"]}}],"collection":[{"href":"https:\/\/www.deporteseli.com\/index.php?rest_route=\/wp\/v2\/product"}],"about":[{"href":"https:\/\/www.deporteseli.com\/index.php?rest_route=\/wp\/v2\/types\/product"}],"wp:featuredmedia":[{"embeddable":true,"href":"https:\/\/www.deporteseli.com\/index.php?rest_route=\/wp\/v2\/media\/52598"}],"wp:attachment":[{"href":"https:\/\/www.deporteseli.com\/index.php?rest_route=%2Fwp%2Fv2%2Fmedia&parent=38228"}],"wp:term":[{"taxonomy":"product_brand","embeddable":true,"href":"https:\/\/www.deporteseli.com\/index.php?rest_route=%2Fwp%2Fv2%2Fproduct_brand&post=38228"},{"taxonomy":"product_cat","embeddable":true,"href":"https:\/\/www.deporteseli.com\/index.php?rest_route=%2Fwp%2Fv2%2Fproduct_cat&post=38228"},{"taxonomy":"product_tag","embeddable":true,"href":"https:\/\/www.deporteseli.com\/index.php?rest_route=%2Fwp%2Fv2%2Fproduct_tag&post=38228"}],"curies":[{"name":"wp","href":"https:\/\/api.w.org\/{rel}","templated":true}]}}