{"id":38225,"date":"2026-01-27T18:03:37","date_gmt":"2026-01-27T18:03:37","guid":{"rendered":"https:\/\/www.deporteseli.com\/?product=cortavientos-joluvi-airlight"},"modified":"2026-01-27T18:03:40","modified_gmt":"2026-01-27T18:03:40","slug":"cortavientos-joluvi-airlight","status":"publish","type":"product","link":"https:\/\/www.deporteseli.com\/?product=cortavientos-joluvi-airlight","title":{"rendered":"CORTAVIENTOS JOLUVI AIRLIGHT"},"content":{"rendered":"<p>CORTAVIENTOS JOLUVI AIRLIGHT J  La chaqueta Airlight J es extra ligera, lo que significa que no obstaculizar\u00e1 tus movimientos y se seca r\u00e1pido, por lo que si te atrapan en un aguacero torrencial, no te enfriar\u00e1s por completo. Este cortavientos viene con colores ideales para correr, pero tambi\u00e9n destacan del resto con los detalles reflectantes. Tiene un pr\u00e1ctico bolsillo con cremallera para mantener seguros tus art\u00edculos.    CARACTERISTICAS   Tejido: Nylon-light, extremadamente ligero, tejido de alta resistencIa con un laminado interior repelente al agua y con efecto corta viento  Composici\u00f3n: Tejido 100% Nylon                                                                                                                                                                                                                                                                                                                                                                                                                                                                                                                                                                                                                                                                                                                                                                                                                                                                                                                                                                                                                                        <\/p>\n","protected":false},"excerpt":{"rendered":"<p>CORTAVIENTOS JOLUVI AIRLIGHT<\/p>\n","protected":false},"featured_media":52597,"template":"","meta":[],"product_brand":[],"product_cat":[283],"product_tag":[54],"class_list":{"0":"post-38225","1":"product","2":"type-product","3":"status-publish","4":"has-post-thumbnail","6":"product_cat-mujer_textil_cortavientos","7":"product_tag-joluvi","8":"pa_color-unico","9":"pa_talla-l","10":"pa_talla-m","11":"thunk-woo-product-list","12":"opn-qv-enable","13":"open-woo-hover-","14":"open-single-product-tab-horizontal","15":"open-shadow-","16":"open-shadow-hover-","18":"first","19":"instock","20":"shipping-taxable","21":"purchasable","22":"product-type-variable"},"jetpack_sharing_enabled":true,"_links":{"self":[{"href":"https:\/\/www.deporteseli.com\/index.php?rest_route=\/wp\/v2\/product\/38225","targetHints":{"allow":["GET"]}}],"collection":[{"href":"https:\/\/www.deporteseli.com\/index.php?rest_route=\/wp\/v2\/product"}],"about":[{"href":"https:\/\/www.deporteseli.com\/index.php?rest_route=\/wp\/v2\/types\/product"}],"wp:featuredmedia":[{"embeddable":true,"href":"https:\/\/www.deporteseli.com\/index.php?rest_route=\/wp\/v2\/media\/52597"}],"wp:attachment":[{"href":"https:\/\/www.deporteseli.com\/index.php?rest_route=%2Fwp%2Fv2%2Fmedia&parent=38225"}],"wp:term":[{"taxonomy":"product_brand","embeddable":true,"href":"https:\/\/www.deporteseli.com\/index.php?rest_route=%2Fwp%2Fv2%2Fproduct_brand&post=38225"},{"taxonomy":"product_cat","embeddable":true,"href":"https:\/\/www.deporteseli.com\/index.php?rest_route=%2Fwp%2Fv2%2Fproduct_cat&post=38225"},{"taxonomy":"product_tag","embeddable":true,"href":"https:\/\/www.deporteseli.com\/index.php?rest_route=%2Fwp%2Fv2%2Fproduct_tag&post=38225"}],"curies":[{"name":"wp","href":"https:\/\/api.w.org\/{rel}","templated":true}]}}