{"id":38221,"date":"2026-01-27T18:03:31","date_gmt":"2026-01-27T18:03:31","guid":{"rendered":"https:\/\/www.deporteseli.com\/?product=head-speed-pro-2023"},"modified":"2026-01-27T18:03:33","modified_gmt":"2026-01-27T18:03:33","slug":"head-speed-pro-2023","status":"publish","type":"product","link":"https:\/\/www.deporteseli.com\/?product=head-speed-pro-2023","title":{"rendered":"HEAD SPEED PRO 2023"},"content":{"rendered":"<p>HEAD SPEED PRO, EL MEJOR RENDIMIENTO CON UN DISE\u00d1O INCONFUNDIBLE  La nueva pala HEAD SPEED PRO 2023 tiene un dise\u00f1o moderno con un acabado brillante, con detalles en cobre y negro sobre una base de color en gris oscuro. Esta colorimetr\u00eda dota a la pala de una sobriedad y elegancia sin igual que convertir\u00e1 tu juego en algo digno de ver.    El modelo 2023 es una versi\u00f3n actualizada y mejorada de su predecesora del a\u00f1o pasado. Ha sido dise\u00f1ada para jugadores de nivel avanzado que, en cualquier tipo de superficie, podr\u00e1n atacar a mayor velocidad que sus oponentes y llevar ventaja en todo el partido hasta finalmente conseguir la victoria. Se combina a la perfecci\u00f3n control y potencia.    UNA PALA QUE ES TODO TECNOLOG\u00cdA DE \u00daLTIMA GENERACI\u00d3N  La pala SPEED PRO de la marca HEAD ha conseguido ganar en versatilidad gracias a la tecnolog\u00eda Auxetic, que ha mejorado notablemente la sensaci\u00f3n de impacto y puede ofrecer m\u00e1s potencia en cada golpe.    Tambi\u00e9n lleva incorporada una goma de polietileno, la goma Power Foam, que facilitar\u00e1 un golpeo potente y veloz, y se alcanzar\u00e1 la misma salida de bola ejerciendo una menor fuerza.    Es una pala 5 gramos m\u00e1s ligera que su versi\u00f3n de 2022, que tiene una zona de golpeo h\u00edbrida elaborada con fibra de vidrio y carbono. El tacto tambi\u00e9n se ha mejorado gracias a la incorporaci\u00f3n de un nuevo tal\u00f3n blando en la empu\u00f1adura de la pala.    Por otro lado, la SPEED PRO 2023 incluye las tecnolog\u00edas Graphene Inside, que proporciona mayor estabilidad fortaleciendo el marco y la Tailored Frame, en la que cada secci\u00f3n del tubo de la pala se ha construido individualmente para lograr el m\u00e1ximo rendimiento. Por su parte, la Smart Bridge se adapta en la zona del puente a las necesidades de cada tipo de juego. Es necesario mencionar tambi\u00e9n las tecnolog\u00edas Soft Butt Cap y la Optimized Sweet Spot.                                                                                                                                                                                                                                                                                                                                                                                                                                                                                                                                                                                                                                                                                                                                                                                                                                                                                                                                                                                                                                        <\/p>\n","protected":false},"excerpt":{"rendered":"<p>HEAD SPEED PRO 2023<\/p>\n","protected":false},"featured_media":52593,"template":"","meta":[],"product_brand":[],"product_cat":[353],"product_tag":[22],"class_list":{"0":"post-38221","1":"product","2":"type-product","3":"status-publish","4":"has-post-thumbnail","6":"product_cat-padel_y_tenis_palas","7":"product_tag-head","8":"pa_color-unico","9":"pa_talla-unica","10":"thunk-woo-product-list","11":"opn-qv-enable","12":"open-woo-hover-","13":"open-single-product-tab-horizontal","14":"open-shadow-","15":"open-shadow-hover-","17":"first","18":"instock","19":"sale","20":"shipping-taxable","21":"purchasable","22":"product-type-variable"},"jetpack_sharing_enabled":true,"_links":{"self":[{"href":"https:\/\/www.deporteseli.com\/index.php?rest_route=\/wp\/v2\/product\/38221","targetHints":{"allow":["GET"]}}],"collection":[{"href":"https:\/\/www.deporteseli.com\/index.php?rest_route=\/wp\/v2\/product"}],"about":[{"href":"https:\/\/www.deporteseli.com\/index.php?rest_route=\/wp\/v2\/types\/product"}],"wp:featuredmedia":[{"embeddable":true,"href":"https:\/\/www.deporteseli.com\/index.php?rest_route=\/wp\/v2\/media\/52593"}],"wp:attachment":[{"href":"https:\/\/www.deporteseli.com\/index.php?rest_route=%2Fwp%2Fv2%2Fmedia&parent=38221"}],"wp:term":[{"taxonomy":"product_brand","embeddable":true,"href":"https:\/\/www.deporteseli.com\/index.php?rest_route=%2Fwp%2Fv2%2Fproduct_brand&post=38221"},{"taxonomy":"product_cat","embeddable":true,"href":"https:\/\/www.deporteseli.com\/index.php?rest_route=%2Fwp%2Fv2%2Fproduct_cat&post=38221"},{"taxonomy":"product_tag","embeddable":true,"href":"https:\/\/www.deporteseli.com\/index.php?rest_route=%2Fwp%2Fv2%2Fproduct_tag&post=38221"}],"curies":[{"name":"wp","href":"https:\/\/api.w.org\/{rel}","templated":true}]}}