{"id":38219,"date":"2026-01-27T18:03:28","date_gmt":"2026-01-27T18:03:28","guid":{"rendered":"https:\/\/www.deporteseli.com\/?product=sudadera-con-capucha-aeroready-game-and-go-bi"},"modified":"2026-01-27T18:03:30","modified_gmt":"2026-01-27T18:03:30","slug":"sudadera-con-capucha-aeroready-game-and-go-bi","status":"publish","type":"product","link":"https:\/\/www.deporteseli.com\/?product=sudadera-con-capucha-aeroready-game-and-go-bi","title":{"rendered":"SUDADERA CON CAPUCHA AEROREADY GAME AND GO BI"},"content":{"rendered":"<p>ESTILO DEPORTIVO Y SOSTENIBLE  Conc\u00e9ntrate en tu juego el d\u00eda del gran partido, calienta o vuelve a la calma cuando quieras con esta sudadera de training adidas. Se ha confeccionado en un tejido de felpa suave y c\u00e1lido con tecnolog\u00eda transpirable AEROREADY que mantiene la piel seca de principio a fin de la sesi\u00f3n. Luce un gran logotipo de adidas en el pecho que deja claro tu compromiso con el deporte.    Este producto se ha fabricado con un 100% de material reciclado. Su objetivo es plantear otra soluci\u00f3n m\u00e1s que ayude a eliminar los residuos pl\u00e1sticos.  Corte cl\u00e1sico  Capucha con cord\u00f3n ajustable  Felpa 100% poli\u00e9ster reciclado  Tejido suave y ligero  Tecnolog\u00eda transpirable AEROREADY  Bolsillo canguro  Pu\u00f1os y dobladillo pespunteados  Gran logotipo de adidas estampado en tinta de alta densidad  Color del art\u00edculo: Legend Ink \/ Wonder Steel  N\u00famero de art\u00edculo: HK9827                                                                                                                                                                                                                                                                                                                                                                                                                                                                                                                                                                                                                                                                                                                                                                                                                                                                                                                                                                                                                                        <\/p>\n","protected":false},"excerpt":{"rendered":"<p>SUDADERA CON CAPUCHA AEROREADY GAME AND GO BI<\/p>\n","protected":false},"featured_media":52589,"template":"","meta":[],"product_brand":[],"product_cat":[253],"product_tag":[18],"class_list":{"0":"post-38219","1":"product","2":"type-product","3":"status-publish","4":"has-post-thumbnail","6":"product_cat-hombre_textil_sudaderas","7":"product_tag-adidas","8":"pa_color-unico","9":"pa_talla-s","10":"thunk-woo-product-list","11":"opn-qv-enable","12":"open-woo-hover-","13":"open-single-product-tab-horizontal","14":"open-shadow-","15":"open-shadow-hover-","17":"first","18":"instock","19":"shipping-taxable","20":"purchasable","21":"product-type-variable"},"jetpack_sharing_enabled":true,"_links":{"self":[{"href":"https:\/\/www.deporteseli.com\/index.php?rest_route=\/wp\/v2\/product\/38219","targetHints":{"allow":["GET"]}}],"collection":[{"href":"https:\/\/www.deporteseli.com\/index.php?rest_route=\/wp\/v2\/product"}],"about":[{"href":"https:\/\/www.deporteseli.com\/index.php?rest_route=\/wp\/v2\/types\/product"}],"wp:featuredmedia":[{"embeddable":true,"href":"https:\/\/www.deporteseli.com\/index.php?rest_route=\/wp\/v2\/media\/52589"}],"wp:attachment":[{"href":"https:\/\/www.deporteseli.com\/index.php?rest_route=%2Fwp%2Fv2%2Fmedia&parent=38219"}],"wp:term":[{"taxonomy":"product_brand","embeddable":true,"href":"https:\/\/www.deporteseli.com\/index.php?rest_route=%2Fwp%2Fv2%2Fproduct_brand&post=38219"},{"taxonomy":"product_cat","embeddable":true,"href":"https:\/\/www.deporteseli.com\/index.php?rest_route=%2Fwp%2Fv2%2Fproduct_cat&post=38219"},{"taxonomy":"product_tag","embeddable":true,"href":"https:\/\/www.deporteseli.com\/index.php?rest_route=%2Fwp%2Fv2%2Fproduct_tag&post=38219"}],"curies":[{"name":"wp","href":"https:\/\/api.w.org\/{rel}","templated":true}]}}