{"id":38217,"date":"2026-01-27T18:03:25","date_gmt":"2026-01-27T18:03:25","guid":{"rendered":"https:\/\/www.deporteseli.com\/?product=bota-de-futbol-predator-edge-3-multisuperfici"},"modified":"2026-01-27T18:03:27","modified_gmt":"2026-01-27T18:03:27","slug":"bota-de-futbol-predator-edge-3-multisuperfici","status":"publish","type":"product","link":"https:\/\/www.deporteseli.com\/?product=bota-de-futbol-predator-edge-3-multisuperfici","title":{"rendered":"BOTA DE F\u00faTBOL PREDATOR EDGE.3 MULTISUPERFICI"},"content":{"rendered":"<p>GANAR ES EL TRATO  Precisi\u00f3n. Control. Potencia. La ic\u00f3nica adidas Predator tiene todos los \u00e1ngulos cubiertos. Sal al terreno de juego y desaf\u00eda tus l\u00edmites con esta bota de f\u00fatbol multisuperficie para j\u00f3venes promesas. La parte superior sint\u00e9tica con textura Control Zone de gran agarre te ofrece un control \u00f3ptimo del bal\u00f3n. El panel ajustado alrededor del tobillo y la suela angular de TPU te proporcionan mayor estabilidad y tracci\u00f3n en campos de c\u00e9sped natural seco, tierra y c\u00e9sped artificial.  Detalles  Horma cl\u00e1sica  Cierre de cordones  Parte superior con textura Control Zone  Dise\u00f1o de media ca\u00f1a con panel el\u00e1stico de dos piezas alrededor del tobillo  Suela de TPU para todo tipo de superficies  Color del art\u00edculo: Solar Red \/ Solar Green \/ Core Black  N\u00famero de art\u00edculo: GV8506                                                                                                                                                                                                                                                                                                                                                                                                                                                                                                                                                                                                                                                                                                                                                                                                                                                                                                                                                                                                                                        <\/p>\n","protected":false},"excerpt":{"rendered":"<p>BOTA DE F\u00faTBOL PREDATOR EDGE.3 MULTISUPERFICI<\/p>\n","protected":false},"featured_media":52584,"template":"","meta":[],"product_brand":[],"product_cat":[318],"product_tag":[18],"class_list":{"0":"post-38217","1":"product","2":"type-product","3":"status-publish","4":"has-post-thumbnail","6":"product_cat-deportes_futbol_botas","7":"product_tag-adidas","8":"pa_color-unico","9":"pa_talla-145","10":"thunk-woo-product-list","11":"opn-qv-enable","12":"open-woo-hover-","13":"open-single-product-tab-horizontal","14":"open-shadow-","15":"open-shadow-hover-","17":"first","18":"instock","19":"sale","20":"shipping-taxable","21":"purchasable","22":"product-type-variable"},"jetpack_sharing_enabled":true,"_links":{"self":[{"href":"https:\/\/www.deporteseli.com\/index.php?rest_route=\/wp\/v2\/product\/38217","targetHints":{"allow":["GET"]}}],"collection":[{"href":"https:\/\/www.deporteseli.com\/index.php?rest_route=\/wp\/v2\/product"}],"about":[{"href":"https:\/\/www.deporteseli.com\/index.php?rest_route=\/wp\/v2\/types\/product"}],"wp:featuredmedia":[{"embeddable":true,"href":"https:\/\/www.deporteseli.com\/index.php?rest_route=\/wp\/v2\/media\/52584"}],"wp:attachment":[{"href":"https:\/\/www.deporteseli.com\/index.php?rest_route=%2Fwp%2Fv2%2Fmedia&parent=38217"}],"wp:term":[{"taxonomy":"product_brand","embeddable":true,"href":"https:\/\/www.deporteseli.com\/index.php?rest_route=%2Fwp%2Fv2%2Fproduct_brand&post=38217"},{"taxonomy":"product_cat","embeddable":true,"href":"https:\/\/www.deporteseli.com\/index.php?rest_route=%2Fwp%2Fv2%2Fproduct_cat&post=38217"},{"taxonomy":"product_tag","embeddable":true,"href":"https:\/\/www.deporteseli.com\/index.php?rest_route=%2Fwp%2Fv2%2Fproduct_tag&post=38217"}],"curies":[{"name":"wp","href":"https:\/\/api.w.org\/{rel}","templated":true}]}}