{"id":38210,"date":"2026-01-27T18:03:14","date_gmt":"2026-01-27T18:03:14","guid":{"rendered":"https:\/\/www.deporteseli.com\/?product=chaqueta-con-capucha-adidas-essentials"},"modified":"2026-01-27T18:03:21","modified_gmt":"2026-01-27T18:03:21","slug":"chaqueta-con-capucha-adidas-essentials","status":"publish","type":"product","link":"https:\/\/www.deporteseli.com\/?product=chaqueta-con-capucha-adidas-essentials","title":{"rendered":"CHAQUETA CON CAPUCHA ADIDAS ESSENTIALS"},"content":{"rendered":"<p>COMODIDAD Y ESTILO DEPORTIVO  \u00bfCu\u00e1l es tu color favorito? Seguro que lo encuentras en esta chaqueta con capucha adidas para j\u00f3venes activos. Su corte entallado y su estilo minimalista la convertir\u00e1n en tu prenda favorita para llevar a diario, pero lo que m\u00e1s te va a gustar es el suave tejido de felpa, muy c\u00f3modo para acompa\u00f1arte en todas tus actividades.    Este producto se ha confeccionado con material reciclado como parte de nuestro compromiso por acabar con los residuos pl\u00e1sticos.  Detalles  Corte ajustado  Cierre de cremallera y capucha  Felpa 53% algod\u00f3n \/ 36% poli\u00e9ster reciclado \/ 11% viscosa  Bolsillos laterales  Pu\u00f1os y dobladillo de canal\u00e9  Color del art\u00edculo: Team Real Magenta \/ Clear Pink  N\u00famero de art\u00edculo: HM8714                                                                                                                                                                                                                                                                                                                                                                                                                                                                                                                                                                                                                                                                                                                                                                                                                                                                                                                                                                                                                                        <\/p>\n","protected":false},"excerpt":{"rendered":"<p>CHAQUETA CON CAPUCHA ADIDAS ESSENTIALS<\/p>\n","protected":false},"featured_media":52578,"template":"","meta":[],"product_brand":[],"product_cat":[384],"product_tag":[18],"class_list":{"0":"post-38210","1":"product","2":"type-product","3":"status-publish","4":"has-post-thumbnail","6":"product_cat-ninas_textil_sudaderas","7":"product_tag-adidas","8":"pa_color-unico","9":"pa_talla-t-12","10":"pa_talla-t-14","11":"pa_talla-t-16","12":"pa_talla-t-8","13":"thunk-woo-product-list","14":"opn-qv-enable","15":"open-woo-hover-","16":"open-single-product-tab-horizontal","17":"open-shadow-","18":"open-shadow-hover-","20":"first","21":"instock","22":"shipping-taxable","23":"purchasable","24":"product-type-variable"},"jetpack_sharing_enabled":true,"_links":{"self":[{"href":"https:\/\/www.deporteseli.com\/index.php?rest_route=\/wp\/v2\/product\/38210","targetHints":{"allow":["GET"]}}],"collection":[{"href":"https:\/\/www.deporteseli.com\/index.php?rest_route=\/wp\/v2\/product"}],"about":[{"href":"https:\/\/www.deporteseli.com\/index.php?rest_route=\/wp\/v2\/types\/product"}],"wp:featuredmedia":[{"embeddable":true,"href":"https:\/\/www.deporteseli.com\/index.php?rest_route=\/wp\/v2\/media\/52578"}],"wp:attachment":[{"href":"https:\/\/www.deporteseli.com\/index.php?rest_route=%2Fwp%2Fv2%2Fmedia&parent=38210"}],"wp:term":[{"taxonomy":"product_brand","embeddable":true,"href":"https:\/\/www.deporteseli.com\/index.php?rest_route=%2Fwp%2Fv2%2Fproduct_brand&post=38210"},{"taxonomy":"product_cat","embeddable":true,"href":"https:\/\/www.deporteseli.com\/index.php?rest_route=%2Fwp%2Fv2%2Fproduct_cat&post=38210"},{"taxonomy":"product_tag","embeddable":true,"href":"https:\/\/www.deporteseli.com\/index.php?rest_route=%2Fwp%2Fv2%2Fproduct_tag&post=38210"}],"curies":[{"name":"wp","href":"https:\/\/api.w.org\/{rel}","templated":true}]}}