{"id":38208,"date":"2026-01-27T18:03:08","date_gmt":"2026-01-27T18:03:08","guid":{"rendered":"https:\/\/www.deporteseli.com\/?product=nike-court-vision-mid-next-nature"},"modified":"2026-01-27T18:03:12","modified_gmt":"2026-01-27T18:03:12","slug":"nike-court-vision-mid-next-nature","status":"publish","type":"product","link":"https:\/\/www.deporteseli.com\/?product=nike-court-vision-mid-next-nature","title":{"rendered":"NIKE COURT VISION MID NEXT NATURE"},"content":{"rendered":"<p>DETALLE DEL ART\u00cdCULO  Para recorrer el asfalto con estilo, podemos contar con esta zapatilla alta de Nike. Su corte en sint\u00e9tico y su color blanco le otorgan una aire deportivo casual. Forrada en textil, la Nike Court Vision Mid Next Nature tiene una suela de caucho. Un modelo que se convertir\u00e1 en icono de la colecci\u00f3n.  VENTAJA  Este producto ha sido dise\u00f1ado de forma responsable con el medio ambiente utilizando materiales reciclados procedentes de materiales de consumo o residuos industriales reciclados. Lo que permite a la marca avanzar m\u00e1s en sus esfuerzos por conseguir cero residuos y una huella de carbono cero es la elecci\u00f3n de los materiales. De hecho, los materiales representan m\u00e1s del 70% de la huella de carbono de un producto. Al reutilizar los pl\u00e1sticos, fibras y tejidos existentes, Nike puede reducir considerablemente sus emisiones. El objetivo es utilizar la mayor cantidad de material reciclado posible, sin comprometer el rendimiento, la durabilidad y el estilo.  COMPOSICI\u00d3N  Corte : sint\u00e9tica  Forro : Textil  Plantilla : Textil  Suela : caucho                                                                                                                                                                                                                                                                                                                                                                                                                                                                                                                                                                                                                                                                                                                                                                                                                                                                                                                                                                                                                                        <\/p>\n","protected":false},"excerpt":{"rendered":"<p>NIKE COURT VISION MID NEXT NATURE<\/p>\n","protected":false},"featured_media":52573,"template":"","meta":[],"product_brand":[],"product_cat":[261],"product_tag":[37],"class_list":{"0":"post-38208","1":"product","2":"type-product","3":"status-publish","4":"has-post-thumbnail","6":"product_cat-hombre_calzado_casual","7":"product_tag-nike","8":"pa_color-unico","9":"pa_talla-155","10":"thunk-woo-product-list","11":"opn-qv-enable","12":"open-woo-hover-","13":"open-single-product-tab-horizontal","14":"open-shadow-","15":"open-shadow-hover-","17":"first","18":"instock","19":"sale","20":"shipping-taxable","21":"purchasable","22":"product-type-variable"},"jetpack_sharing_enabled":true,"_links":{"self":[{"href":"https:\/\/www.deporteseli.com\/index.php?rest_route=\/wp\/v2\/product\/38208","targetHints":{"allow":["GET"]}}],"collection":[{"href":"https:\/\/www.deporteseli.com\/index.php?rest_route=\/wp\/v2\/product"}],"about":[{"href":"https:\/\/www.deporteseli.com\/index.php?rest_route=\/wp\/v2\/types\/product"}],"wp:featuredmedia":[{"embeddable":true,"href":"https:\/\/www.deporteseli.com\/index.php?rest_route=\/wp\/v2\/media\/52573"}],"wp:attachment":[{"href":"https:\/\/www.deporteseli.com\/index.php?rest_route=%2Fwp%2Fv2%2Fmedia&parent=38208"}],"wp:term":[{"taxonomy":"product_brand","embeddable":true,"href":"https:\/\/www.deporteseli.com\/index.php?rest_route=%2Fwp%2Fv2%2Fproduct_brand&post=38208"},{"taxonomy":"product_cat","embeddable":true,"href":"https:\/\/www.deporteseli.com\/index.php?rest_route=%2Fwp%2Fv2%2Fproduct_cat&post=38208"},{"taxonomy":"product_tag","embeddable":true,"href":"https:\/\/www.deporteseli.com\/index.php?rest_route=%2Fwp%2Fv2%2Fproduct_tag&post=38208"}],"curies":[{"name":"wp","href":"https:\/\/api.w.org\/{rel}","templated":true}]}}