{"id":38202,"date":"2026-01-27T18:02:56","date_gmt":"2026-01-27T18:02:56","guid":{"rendered":"https:\/\/www.deporteseli.com\/?product=chaleco-de-plumon-ligero-essentials"},"modified":"2026-01-27T18:02:59","modified_gmt":"2026-01-27T18:02:59","slug":"chaleco-de-plumon-ligero-essentials","status":"publish","type":"product","link":"https:\/\/www.deporteseli.com\/?product=chaleco-de-plumon-ligero-essentials","title":{"rendered":"CHALECO DE PLUM\u00f3N LIGERO ESSENTIALS"},"content":{"rendered":"<p>UN CHALECO DE PLUMAS PARA USAR EN CAPAS EN LOS D\u00cdAS FR\u00cdOS.  Las calles de la ciudad, el pueblo de monta\u00f1a o la exploraci\u00f3n del campo, las capas son su boleto para sentirse c\u00f3modo en temperaturas m\u00e1s bajas. Este chaleco adidas sella el calor con la inigualable calidez del aislamiento de plum\u00f3n y acolchado sint\u00e9tico. Es lo suficientemente ligero como para usarlo en climas fr\u00edos y lo suficientemente c\u00e1lido como para estar solo en los d\u00edas fr\u00edos. Y est\u00e1 hecho con materiales reciclados con los que puedes sentirte bien. Esa es una combinaci\u00f3n ganadora de: haz el bien, si\u00e9ntete bien, luce bien.  Cremallera completa con cuello alto  Tejido principal: tejido liso 100 % poli\u00e9ster reciclado  Relleno: 80 % plum\u00f3n de pato, 20 % guata sint\u00e9tica  c\u00e1lido y ligero  Chaleco aislante  Bolsillos abiertos  Revestimiento repelente al agua duradero (DWR) sin PFC  Tejido liso  verdeprimo  Color del art\u00edculo: Black  N\u00famero de art\u00edculo: GH4583                                                                                                                                                                                                                                                                                                                                                                                                                                                                                                                                                                                                                                                                                                                                                                                                                                                                                                                                                                                                                                        <\/p>\n","protected":false},"excerpt":{"rendered":"<p>CHALECO DE PLUM\u00f3N LIGERO ESSENTIALS<\/p>\n","protected":false},"featured_media":52564,"template":"","meta":[],"product_brand":[],"product_cat":[256],"product_tag":[18],"class_list":{"0":"post-38202","1":"product","2":"type-product","3":"status-publish","4":"has-post-thumbnail","6":"product_cat-hombre_textil_chaquetas","7":"product_tag-adidas","8":"pa_color-unico","9":"pa_talla-m","10":"thunk-woo-product-list","11":"opn-qv-enable","12":"open-woo-hover-","13":"open-single-product-tab-horizontal","14":"open-shadow-","15":"open-shadow-hover-","17":"first","18":"instock","19":"shipping-taxable","20":"purchasable","21":"product-type-variable"},"jetpack_sharing_enabled":true,"_links":{"self":[{"href":"https:\/\/www.deporteseli.com\/index.php?rest_route=\/wp\/v2\/product\/38202","targetHints":{"allow":["GET"]}}],"collection":[{"href":"https:\/\/www.deporteseli.com\/index.php?rest_route=\/wp\/v2\/product"}],"about":[{"href":"https:\/\/www.deporteseli.com\/index.php?rest_route=\/wp\/v2\/types\/product"}],"wp:featuredmedia":[{"embeddable":true,"href":"https:\/\/www.deporteseli.com\/index.php?rest_route=\/wp\/v2\/media\/52564"}],"wp:attachment":[{"href":"https:\/\/www.deporteseli.com\/index.php?rest_route=%2Fwp%2Fv2%2Fmedia&parent=38202"}],"wp:term":[{"taxonomy":"product_brand","embeddable":true,"href":"https:\/\/www.deporteseli.com\/index.php?rest_route=%2Fwp%2Fv2%2Fproduct_brand&post=38202"},{"taxonomy":"product_cat","embeddable":true,"href":"https:\/\/www.deporteseli.com\/index.php?rest_route=%2Fwp%2Fv2%2Fproduct_cat&post=38202"},{"taxonomy":"product_tag","embeddable":true,"href":"https:\/\/www.deporteseli.com\/index.php?rest_route=%2Fwp%2Fv2%2Fproduct_tag&post=38202"}],"curies":[{"name":"wp","href":"https:\/\/api.w.org\/{rel}","templated":true}]}}