{"id":38200,"date":"2026-01-27T18:02:53","date_gmt":"2026-01-27T18:02:53","guid":{"rendered":"https:\/\/www.deporteseli.com\/?product=terrex-agravic-flow-pm"},"modified":"2026-01-27T18:02:55","modified_gmt":"2026-01-27T18:02:55","slug":"terrex-agravic-flow-pm","status":"publish","type":"product","link":"https:\/\/www.deporteseli.com\/?product=terrex-agravic-flow-pm","title":{"rendered":"TERREX AGRAVIC FLOW PM"},"content":{"rendered":"<p>ADIDAS TERREX AGRAVIC FLOW PM NEGRO BLANCO JUNIOR, EL TERRENO A SUS PIES  Disfrutar de cualquier terreno nunca hab\u00eda sido tan f\u00e1cil, con las nuevas zapatillas trail ADIDAS Terrex Agravic Flow PM lo har\u00e1 sin limitaciones, dise\u00f1adas con una mediasuela de EVA que le brinda una amortiguaci\u00f3n excelente. La suela Traxion aporta una gran comodidad y un agarre superior tanto en los senderos pedregosos como en las calles de la ciudad.                                                                                                                                                                                                                                                                                                                                                                                                                                                                                                                                                                                                                                                                                                                                                                                                                                                                                                                                                                                                                                        <\/p>\n","protected":false},"excerpt":{"rendered":"<p>TERREX AGRAVIC FLOW PM<\/p>\n","protected":false},"featured_media":52559,"template":"","meta":[],"product_brand":[],"product_cat":[313],"product_tag":[18],"class_list":{"0":"post-38200","1":"product","2":"type-product","3":"status-publish","4":"has-post-thumbnail","6":"product_cat-nino_calzado_montana","7":"product_tag-adidas","8":"pa_color-unico","9":"pa_talla-37-5","10":"thunk-woo-product-list","11":"opn-qv-enable","12":"open-woo-hover-","13":"open-single-product-tab-horizontal","14":"open-shadow-","15":"open-shadow-hover-","17":"first","18":"instock","19":"sale","20":"shipping-taxable","21":"purchasable","22":"product-type-variable"},"jetpack_sharing_enabled":true,"_links":{"self":[{"href":"https:\/\/www.deporteseli.com\/index.php?rest_route=\/wp\/v2\/product\/38200","targetHints":{"allow":["GET"]}}],"collection":[{"href":"https:\/\/www.deporteseli.com\/index.php?rest_route=\/wp\/v2\/product"}],"about":[{"href":"https:\/\/www.deporteseli.com\/index.php?rest_route=\/wp\/v2\/types\/product"}],"wp:featuredmedia":[{"embeddable":true,"href":"https:\/\/www.deporteseli.com\/index.php?rest_route=\/wp\/v2\/media\/52559"}],"wp:attachment":[{"href":"https:\/\/www.deporteseli.com\/index.php?rest_route=%2Fwp%2Fv2%2Fmedia&parent=38200"}],"wp:term":[{"taxonomy":"product_brand","embeddable":true,"href":"https:\/\/www.deporteseli.com\/index.php?rest_route=%2Fwp%2Fv2%2Fproduct_brand&post=38200"},{"taxonomy":"product_cat","embeddable":true,"href":"https:\/\/www.deporteseli.com\/index.php?rest_route=%2Fwp%2Fv2%2Fproduct_cat&post=38200"},{"taxonomy":"product_tag","embeddable":true,"href":"https:\/\/www.deporteseli.com\/index.php?rest_route=%2Fwp%2Fv2%2Fproduct_tag&post=38200"}],"curies":[{"name":"wp","href":"https:\/\/api.w.org\/{rel}","templated":true}]}}