{"id":38192,"date":"2026-01-27T18:02:39","date_gmt":"2026-01-27T18:02:39","guid":{"rendered":"https:\/\/www.deporteseli.com\/?product=chaleco-adidas-hl3926"},"modified":"2026-01-27T18:02:47","modified_gmt":"2026-01-27T18:02:47","slug":"chaleco-adidas-hl3926","status":"publish","type":"product","link":"https:\/\/www.deporteseli.com\/?product=chaleco-adidas-hl3926","title":{"rendered":"CHALECO ADIDAS HL3926"},"content":{"rendered":"<p>No alteres tu ritmo cuando salgas a correr los d\u00edas de viento con este chaleco de running adidas. Incorpora la tecnolog\u00eda WIND.RDY para que el viento no haga de las suyas. Presenta un corte entallado que acompa\u00f1a todos tus movimientos y un dobladillo trasero m\u00e1s largo con cord\u00f3n el\u00e1stico que te ofrece un ajuste perfecto. Guarda los geles en el bolsillo trasero para echar mano de ellos durante la carrera.    Este producto se ha fabricado con un 100% de material reciclado. Su objetivo es plantear otra soluci\u00f3n m\u00e1s que ayude a eliminar los residuos pl\u00e1sticos.  Corte entallado  Cierre de cremallera y cuello de canal\u00e9  Ripstop 100% poli\u00e9ster reciclado  WIND.RDY  Bolsillo con cremallera en el pecho  Bolsillos en las costuras laterales  Dobladillo con cord\u00f3n el\u00e1stico ajustable  Dise\u00f1o reflectante  Color del art\u00edculo: Black  N\u00famero de art\u00edculo: HL3926                                                                                                                                                                                                                                                                                                                                                                                                                                                                                                                                                                                                                                                                                                                                                                                                                                                                                                                                                                                                                                        <\/p>\n","protected":false},"excerpt":{"rendered":"<p>CHALECO ADIDAS HL3926<\/p>\n","protected":false},"featured_media":52553,"template":"","meta":[],"product_brand":[],"product_cat":[256],"product_tag":[18],"class_list":{"0":"post-38192","1":"product","2":"type-product","3":"status-publish","4":"has-post-thumbnail","6":"product_cat-hombre_textil_chaquetas","7":"product_tag-adidas","8":"pa_color-unico","9":"pa_talla-l","10":"pa_talla-m","11":"pa_talla-s","12":"pa_talla-xl","13":"thunk-woo-product-list","14":"opn-qv-enable","15":"open-woo-hover-","16":"open-single-product-tab-horizontal","17":"open-shadow-","18":"open-shadow-hover-","20":"first","21":"instock","22":"shipping-taxable","23":"purchasable","24":"product-type-variable"},"jetpack_sharing_enabled":true,"_links":{"self":[{"href":"https:\/\/www.deporteseli.com\/index.php?rest_route=\/wp\/v2\/product\/38192","targetHints":{"allow":["GET"]}}],"collection":[{"href":"https:\/\/www.deporteseli.com\/index.php?rest_route=\/wp\/v2\/product"}],"about":[{"href":"https:\/\/www.deporteseli.com\/index.php?rest_route=\/wp\/v2\/types\/product"}],"wp:featuredmedia":[{"embeddable":true,"href":"https:\/\/www.deporteseli.com\/index.php?rest_route=\/wp\/v2\/media\/52553"}],"wp:attachment":[{"href":"https:\/\/www.deporteseli.com\/index.php?rest_route=%2Fwp%2Fv2%2Fmedia&parent=38192"}],"wp:term":[{"taxonomy":"product_brand","embeddable":true,"href":"https:\/\/www.deporteseli.com\/index.php?rest_route=%2Fwp%2Fv2%2Fproduct_brand&post=38192"},{"taxonomy":"product_cat","embeddable":true,"href":"https:\/\/www.deporteseli.com\/index.php?rest_route=%2Fwp%2Fv2%2Fproduct_cat&post=38192"},{"taxonomy":"product_tag","embeddable":true,"href":"https:\/\/www.deporteseli.com\/index.php?rest_route=%2Fwp%2Fv2%2Fproduct_tag&post=38192"}],"curies":[{"name":"wp","href":"https:\/\/api.w.org\/{rel}","templated":true}]}}