{"id":38188,"date":"2026-01-27T18:02:28","date_gmt":"2026-01-27T18:02:28","guid":{"rendered":"https:\/\/www.deporteseli.com\/?product=adidas-essentials-logo"},"modified":"2026-02-28T05:18:11","modified_gmt":"2026-02-28T05:18:11","slug":"adidas-essentials-logo","status":"publish","type":"product","link":"https:\/\/www.deporteseli.com\/?product=adidas-essentials-logo","title":{"rendered":"ADIDAS ESSENTIALS LOGO"},"content":{"rendered":"<p>Chaqueta con capucha y cremallera para ni\u00f1os adidas Essentials Logo  Confianza y estilo casual. Esta sudadera con capucha junior y t\u00fa ten\u00e9is eso en com\u00fan. Ll\u00e9valo en el campo o con tus amigos. El suave algod\u00f3n te mantiene c\u00f3modo mientras entrenas, y el gr\u00e1fico adidas en la manga refleja tu pasi\u00f3n por el deporte. Este producto est\u00e1 fabricado con materiales reciclados como parte de nuestra lucha contra los residuos de pl\u00e1stico.    Una sudadera con capucha imprescindible dise\u00f1ada para la comodidad diaria.  Ajuste est\u00e1ndar.  Cremallera completa. Capucha.  100% jersey de algod\u00f3n.  Dise\u00f1o c\u00f3modo.  Bolsillos tipo canguro.                                                                                                                                                                                                                                                                                                                                                                                                                                                                                                                                                                                                                                                                                                                                                                                                                                                                                                                                                                                                                                        <\/p>\n","protected":false},"excerpt":{"rendered":"<p>ADIDAS ESSENTIALS LOGO<\/p>\n","protected":false},"featured_media":52549,"template":"","meta":[],"product_brand":[],"product_cat":[302],"product_tag":[18],"class_list":{"0":"post-38188","1":"product","2":"type-product","3":"status-publish","4":"has-post-thumbnail","6":"product_cat-nino_textil_sudaderas","7":"product_tag-adidas","8":"pa_color-unico","9":"pa_talla-t-10","10":"pa_talla-t-12","11":"pa_talla-t-8","12":"thunk-woo-product-list","13":"opn-qv-enable","14":"open-woo-hover-","15":"open-single-product-tab-horizontal","16":"open-shadow-","17":"open-shadow-hover-","19":"first","20":"instock","21":"shipping-taxable","22":"purchasable","23":"product-type-variable"},"jetpack_sharing_enabled":true,"_links":{"self":[{"href":"https:\/\/www.deporteseli.com\/index.php?rest_route=\/wp\/v2\/product\/38188","targetHints":{"allow":["GET"]}}],"collection":[{"href":"https:\/\/www.deporteseli.com\/index.php?rest_route=\/wp\/v2\/product"}],"about":[{"href":"https:\/\/www.deporteseli.com\/index.php?rest_route=\/wp\/v2\/types\/product"}],"wp:featuredmedia":[{"embeddable":true,"href":"https:\/\/www.deporteseli.com\/index.php?rest_route=\/wp\/v2\/media\/52549"}],"wp:attachment":[{"href":"https:\/\/www.deporteseli.com\/index.php?rest_route=%2Fwp%2Fv2%2Fmedia&parent=38188"}],"wp:term":[{"taxonomy":"product_brand","embeddable":true,"href":"https:\/\/www.deporteseli.com\/index.php?rest_route=%2Fwp%2Fv2%2Fproduct_brand&post=38188"},{"taxonomy":"product_cat","embeddable":true,"href":"https:\/\/www.deporteseli.com\/index.php?rest_route=%2Fwp%2Fv2%2Fproduct_cat&post=38188"},{"taxonomy":"product_tag","embeddable":true,"href":"https:\/\/www.deporteseli.com\/index.php?rest_route=%2Fwp%2Fv2%2Fproduct_tag&post=38188"}],"curies":[{"name":"wp","href":"https:\/\/api.w.org\/{rel}","templated":true}]}}