{"id":38186,"date":"2026-01-27T18:02:24","date_gmt":"2026-01-27T18:02:24","guid":{"rendered":"https:\/\/www.deporteseli.com\/?product=sudadera-para-ninos-adidas-essentials"},"modified":"2026-01-27T18:02:27","modified_gmt":"2026-01-27T18:02:27","slug":"sudadera-para-ninos-adidas-essentials","status":"publish","type":"product","link":"https:\/\/www.deporteseli.com\/?product=sudadera-para-ninos-adidas-essentials","title":{"rendered":"SUDADERA PARA NI\u00f1OS ADIDAS ESSENTIALS"},"content":{"rendered":"<p>Sudadera para ni\u00f1os adidas Essentials  C\u00fabrete en los d\u00edas intermedios. Ya sabes las que hay. Cuando no hace demasiado fr\u00edo pero tampoco es el momento de las camisetas. \u00bfEsa capa perfecta que buscas? Es esta sudadera juvenil. Con su encanto de jersey desenfadado, su tacto ultrasuave y la insignia deportiva de adidas, no hay nada que hacer. Este producto est\u00e1 fabricado con materiales reciclados, como parte de nuestra ambici\u00f3n de acabar con los residuos de pl\u00e1stico. Ajuste regular                                                                                                                                                                                                                                                                                                                                                                                                                                                                                                                                                                                                                                                                                                                                                                                                                                                                                                                                                                                                                                        <\/p>\n","protected":false},"excerpt":{"rendered":"<p>SUDADERA PARA NI\u00f1OS ADIDAS ESSENTIALS<\/p>\n","protected":false},"featured_media":52546,"template":"","meta":[],"product_brand":[],"product_cat":[302],"product_tag":[18],"class_list":{"0":"post-38186","1":"product","2":"type-product","3":"status-publish","4":"has-post-thumbnail","6":"product_cat-nino_textil_sudaderas","7":"product_tag-adidas","8":"pa_color-unico","9":"pa_talla-t-16","10":"thunk-woo-product-list","11":"opn-qv-enable","12":"open-woo-hover-","13":"open-single-product-tab-horizontal","14":"open-shadow-","15":"open-shadow-hover-","17":"first","18":"instock","19":"shipping-taxable","20":"purchasable","21":"product-type-variable"},"jetpack_sharing_enabled":true,"_links":{"self":[{"href":"https:\/\/www.deporteseli.com\/index.php?rest_route=\/wp\/v2\/product\/38186","targetHints":{"allow":["GET"]}}],"collection":[{"href":"https:\/\/www.deporteseli.com\/index.php?rest_route=\/wp\/v2\/product"}],"about":[{"href":"https:\/\/www.deporteseli.com\/index.php?rest_route=\/wp\/v2\/types\/product"}],"wp:featuredmedia":[{"embeddable":true,"href":"https:\/\/www.deporteseli.com\/index.php?rest_route=\/wp\/v2\/media\/52546"}],"wp:attachment":[{"href":"https:\/\/www.deporteseli.com\/index.php?rest_route=%2Fwp%2Fv2%2Fmedia&parent=38186"}],"wp:term":[{"taxonomy":"product_brand","embeddable":true,"href":"https:\/\/www.deporteseli.com\/index.php?rest_route=%2Fwp%2Fv2%2Fproduct_brand&post=38186"},{"taxonomy":"product_cat","embeddable":true,"href":"https:\/\/www.deporteseli.com\/index.php?rest_route=%2Fwp%2Fv2%2Fproduct_cat&post=38186"},{"taxonomy":"product_tag","embeddable":true,"href":"https:\/\/www.deporteseli.com\/index.php?rest_route=%2Fwp%2Fv2%2Fproduct_tag&post=38186"}],"curies":[{"name":"wp","href":"https:\/\/api.w.org\/{rel}","templated":true}]}}