{"id":38180,"date":"2026-01-27T18:02:11","date_gmt":"2026-01-27T18:02:11","guid":{"rendered":"https:\/\/www.deporteseli.com\/?product=gorra-wilson-bela-ii"},"modified":"2026-01-27T18:02:13","modified_gmt":"2026-01-27T18:02:13","slug":"gorra-wilson-bela-ii","status":"publish","type":"product","link":"https:\/\/www.deporteseli.com\/?product=gorra-wilson-bela-ii","title":{"rendered":"GORRA WILSON BELA II"},"content":{"rendered":"<p>Gorra Wilson Bela II  Emp\u00e1pate de los rayos del sol con la gorra Bela Ultralight Tennis, una gorra ligera de malla de poli\u00e9ster con la firma de Bela bordada en la parte delantera. Los paneles traseros y laterales perforados brindan ventilaci\u00f3n adicional, mientras que un cierre de velcro ajustable en la parte posterior garantiza un ajuste \u00f3ptimo.    &#8211; Cuerpo de malla de poli\u00e9ster ultraligero con paneles laterales y traseros perforados para una mejor ventilaci\u00f3n.  &#8211; Bordado de la firma Bela y bordado &#8216;W&#8217; en la parte delantera Ala flexible y ligera.  &#8211; Cierre trasero con velcro ajustable.    Composici\u00f3n: 100% poli\u00e9ster.                                                                                                                                                                                                                                                                                                                                                                                                                                                                                                                                                                                                                                                                                                                                                                                                                                                                                                                                                                                                                                        <\/p>\n","protected":false},"excerpt":{"rendered":"<p>GORRA WILSON BELA II<\/p>\n","protected":false},"featured_media":52539,"template":"","meta":[],"product_brand":[],"product_cat":[399],"product_tag":[57],"class_list":{"0":"post-38180","1":"product","2":"type-product","3":"status-publish","4":"has-post-thumbnail","6":"product_cat-accesorios_gorras","7":"product_tag-wilson","8":"pa_color-unico","9":"pa_talla-unica","10":"thunk-woo-product-list","11":"opn-qv-enable","12":"open-woo-hover-","13":"open-single-product-tab-horizontal","14":"open-shadow-","15":"open-shadow-hover-","17":"first","18":"instock","19":"shipping-taxable","20":"purchasable","21":"product-type-variable"},"jetpack_sharing_enabled":true,"_links":{"self":[{"href":"https:\/\/www.deporteseli.com\/index.php?rest_route=\/wp\/v2\/product\/38180","targetHints":{"allow":["GET"]}}],"collection":[{"href":"https:\/\/www.deporteseli.com\/index.php?rest_route=\/wp\/v2\/product"}],"about":[{"href":"https:\/\/www.deporteseli.com\/index.php?rest_route=\/wp\/v2\/types\/product"}],"wp:featuredmedia":[{"embeddable":true,"href":"https:\/\/www.deporteseli.com\/index.php?rest_route=\/wp\/v2\/media\/52539"}],"wp:attachment":[{"href":"https:\/\/www.deporteseli.com\/index.php?rest_route=%2Fwp%2Fv2%2Fmedia&parent=38180"}],"wp:term":[{"taxonomy":"product_brand","embeddable":true,"href":"https:\/\/www.deporteseli.com\/index.php?rest_route=%2Fwp%2Fv2%2Fproduct_brand&post=38180"},{"taxonomy":"product_cat","embeddable":true,"href":"https:\/\/www.deporteseli.com\/index.php?rest_route=%2Fwp%2Fv2%2Fproduct_cat&post=38180"},{"taxonomy":"product_tag","embeddable":true,"href":"https:\/\/www.deporteseli.com\/index.php?rest_route=%2Fwp%2Fv2%2Fproduct_tag&post=38180"}],"curies":[{"name":"wp","href":"https:\/\/api.w.org\/{rel}","templated":true}]}}