{"id":38178,"date":"2026-01-27T18:02:08","date_gmt":"2026-01-27T18:02:08","guid":{"rendered":"https:\/\/www.deporteseli.com\/?product=botas-nike-dr5941-810"},"modified":"2026-01-27T18:02:10","modified_gmt":"2026-01-27T18:02:10","slug":"botas-nike-dr5941-810","status":"publish","type":"product","link":"https:\/\/www.deporteseli.com\/?product=botas-nike-dr5941-810","title":{"rendered":"BOTAS NIKE DR5941-810"},"content":{"rendered":"<p>Este modelo rinde homenaje al mayor torneo mundial de selecciones con un dise\u00f1o impulsado por la ciencia de la conectividad y la importancia de esta competici\u00f3n. Con un look futurista e impactante pensado para los pies de los mejores jugadores del mundo, estas botas cuentan con una unidad Zoom Air y NikeSkin flexible en la parte superior para ofrecer un toque excepcional y dominar los \u00faltimos minutos de partido, cuando m\u00e1s lo necesitas.      \u00bfEn qu\u00e9 parte del mundo jugamos?    Los s\u00edmbolos especiales alrededor del dise\u00f1o son un gui\u00f1o al entorno del anfitri\u00f3n y rinden homenaje al mayor torneo mundial de selecciones. Las coordenadas WHQ de Nike y los emblemas que expresan la ciencia de la energ\u00eda conectada aparecen cerca del tal\u00f3n.      Bienvenida al campo, Zoom    Por primera vez en su historia, Nike ha desarrollado una unidad Zoom Air completamente nueva. Se encuentra en la placa y proporciona un nivel adicional de elasticidad en la planta del pie para que puedas moverte m\u00e1s r\u00e1pido en el campo y generar distancia cuando m\u00e1s lo necesitas, tanto al marcar como al llegar al bal\u00f3n o escapar de la defensa.      Aumenta tu velocidad    La Speed Cage est\u00e1 confeccionada con un material fino y resistente que sujeta el pie a la suela exterior sin a\u00f1adir peso adicional para ofrecer una firmeza \u00f3ptima.      Profundidad para el despegue    El exclusivo patr\u00f3n de tracci\u00f3n ofrece la m\u00e1xima tracci\u00f3n con una r\u00e1pida liberaci\u00f3n para crear distancia.      Ajuste mejorado    Su dise\u00f1o renovado perfecciona el ajuste para adaptarse mejor al pie. Para lograrlo, hemos hecho varias pruebas de desgaste con cientos de atletas. El resultado es una puntera m\u00e1s anat\u00f3mica y una mayor sujeci\u00f3n en el tal\u00f3n.      Siente el bal\u00f3n    La parte superior cuenta con NikeSkin, un material de malla suave y flexible que se combina con un revestimiento fino. Ofrece un mejor control del bal\u00f3n para una pisada m\u00e1s natural.      Detalles del producto    Para uso en superficies naturales y sint\u00e9ticas  Suela interior amortiguada  Color mostrado: Metallic Copper\/Metallic Copper  Modelo: DR5941-810                                                                                                                                                                                                                                                                                                                                                                                                                                                                                                                                                                                                                                                                                                                                                                                                                                                                                                                                                                                                                                        <\/p>\n","protected":false},"excerpt":{"rendered":"<p>BOTAS NIKE DR5941-810<\/p>\n","protected":false},"featured_media":52535,"template":"","meta":[],"product_brand":[],"product_cat":[318],"product_tag":[37],"class_list":{"0":"post-38178","1":"product","2":"type-product","3":"status-publish","4":"has-post-thumbnail","6":"product_cat-deportes_futbol_botas","7":"product_tag-nike","8":"pa_color-unico","9":"pa_talla-157","10":"thunk-woo-product-list","11":"opn-qv-enable","12":"open-woo-hover-","13":"open-single-product-tab-horizontal","14":"open-shadow-","15":"open-shadow-hover-","17":"first","18":"instock","19":"sale","20":"shipping-taxable","21":"purchasable","22":"product-type-variable"},"jetpack_sharing_enabled":true,"_links":{"self":[{"href":"https:\/\/www.deporteseli.com\/index.php?rest_route=\/wp\/v2\/product\/38178","targetHints":{"allow":["GET"]}}],"collection":[{"href":"https:\/\/www.deporteseli.com\/index.php?rest_route=\/wp\/v2\/product"}],"about":[{"href":"https:\/\/www.deporteseli.com\/index.php?rest_route=\/wp\/v2\/types\/product"}],"wp:featuredmedia":[{"embeddable":true,"href":"https:\/\/www.deporteseli.com\/index.php?rest_route=\/wp\/v2\/media\/52535"}],"wp:attachment":[{"href":"https:\/\/www.deporteseli.com\/index.php?rest_route=%2Fwp%2Fv2%2Fmedia&parent=38178"}],"wp:term":[{"taxonomy":"product_brand","embeddable":true,"href":"https:\/\/www.deporteseli.com\/index.php?rest_route=%2Fwp%2Fv2%2Fproduct_brand&post=38178"},{"taxonomy":"product_cat","embeddable":true,"href":"https:\/\/www.deporteseli.com\/index.php?rest_route=%2Fwp%2Fv2%2Fproduct_cat&post=38178"},{"taxonomy":"product_tag","embeddable":true,"href":"https:\/\/www.deporteseli.com\/index.php?rest_route=%2Fwp%2Fv2%2Fproduct_tag&post=38178"}],"curies":[{"name":"wp","href":"https:\/\/api.w.org\/{rel}","templated":true}]}}