{"id":38176,"date":"2026-01-27T18:02:04","date_gmt":"2026-01-27T18:02:04","guid":{"rendered":"https:\/\/www.deporteseli.com\/?product=gorra-essentials-3-bandas"},"modified":"2026-04-08T04:18:26","modified_gmt":"2026-04-08T04:18:26","slug":"gorra-essentials-3-bandas","status":"publish","type":"product","link":"https:\/\/www.deporteseli.com\/?product=gorra-essentials-3-bandas","title":{"rendered":"GORRA ESSENTIALS 3 BANDAS"},"content":{"rendered":"<p>Luce tu pasi\u00f3n por adidas cada d\u00eda con esta gorra. Las 3 bandas en la parte trasera rinden homenaje a nuestro legado deportivo. Se ha confeccionado en tejido de sarga de algod\u00f3n suave y resistente al desgaste con un cierre ajustable en la nuca.    Nuestros productos de algod\u00f3n se han fabricado de forma sostenible y ayudan a acabar con los residuos pl\u00e1sticos.  Detalles  Talla \u00fanica  Sarga 100% algod\u00f3n  Visera curvada  Cierre trasero con hebilla  Estructura de seis paneles  Color del art\u00edculo: Black \/ White  N\u00famero de art\u00edculo: GN2052                                                                                                                                                                                                                                                                                                                                                                                                                                                                                                                                                                                                                                                                                                                                                                                                                                                                                                                                                                                                                                        <\/p>\n","protected":false},"excerpt":{"rendered":"<p>GORRA ESSENTIALS 3 BANDAS<\/p>\n","protected":false},"featured_media":52530,"template":"","meta":[],"product_brand":[],"product_cat":[399],"product_tag":[18],"class_list":{"0":"post-38176","1":"product","2":"type-product","3":"status-publish","4":"has-post-thumbnail","6":"product_cat-accesorios_gorras","7":"product_tag-adidas","8":"pa_color-unico","9":"pa_talla-l","10":"pa_talla-m","11":"thunk-woo-product-list","12":"opn-qv-enable","13":"open-woo-hover-","14":"open-single-product-tab-horizontal","15":"open-shadow-","16":"open-shadow-hover-","18":"first","19":"instock","20":"shipping-taxable","21":"purchasable","22":"product-type-variable"},"jetpack_sharing_enabled":true,"_links":{"self":[{"href":"https:\/\/www.deporteseli.com\/index.php?rest_route=\/wp\/v2\/product\/38176","targetHints":{"allow":["GET"]}}],"collection":[{"href":"https:\/\/www.deporteseli.com\/index.php?rest_route=\/wp\/v2\/product"}],"about":[{"href":"https:\/\/www.deporteseli.com\/index.php?rest_route=\/wp\/v2\/types\/product"}],"wp:featuredmedia":[{"embeddable":true,"href":"https:\/\/www.deporteseli.com\/index.php?rest_route=\/wp\/v2\/media\/52530"}],"wp:attachment":[{"href":"https:\/\/www.deporteseli.com\/index.php?rest_route=%2Fwp%2Fv2%2Fmedia&parent=38176"}],"wp:term":[{"taxonomy":"product_brand","embeddable":true,"href":"https:\/\/www.deporteseli.com\/index.php?rest_route=%2Fwp%2Fv2%2Fproduct_brand&post=38176"},{"taxonomy":"product_cat","embeddable":true,"href":"https:\/\/www.deporteseli.com\/index.php?rest_route=%2Fwp%2Fv2%2Fproduct_cat&post=38176"},{"taxonomy":"product_tag","embeddable":true,"href":"https:\/\/www.deporteseli.com\/index.php?rest_route=%2Fwp%2Fv2%2Fproduct_tag&post=38176"}],"curies":[{"name":"wp","href":"https:\/\/api.w.org\/{rel}","templated":true}]}}