{"id":38174,"date":"2026-01-27T18:01:59","date_gmt":"2026-01-27T18:01:59","guid":{"rendered":"https:\/\/www.deporteseli.com\/?product=nike-renew-elevate-3"},"modified":"2026-01-27T18:02:03","modified_gmt":"2026-01-27T18:02:03","slug":"nike-renew-elevate-3","status":"publish","type":"product","link":"https:\/\/www.deporteseli.com\/?product=nike-renew-elevate-3","title":{"rendered":"NIKE RENEW ELEVATE 3"},"content":{"rendered":"<p>La tracci\u00f3n y la sujeci\u00f3n en el puente del pie mejoradas permiten hacer cortes y giros con mayor seguridad, lo que puede marcar la diferencia en los \u00faltimos minutos del partido.  La tracci\u00f3n generativa y probada por atletas ofrece un giro mejorado alrededor del antepi\u00e9 para que tengas mayor seguridad y sujeci\u00f3n al girar, parar y arrancar.  Hemos a\u00f1adido orificios de cordones adicionales en la parte media del mediopi\u00e9 para ofrecerte la seguridad adicional que necesitas para disfrutar de la importante sujeci\u00f3n en el puente del pie.  La malla estructurada en la parte superior envuelve el pie con una mayor suavidad. Se ajusta c\u00f3modamente para reducir el movimiento del pie dentro de la zapatilla durante los partidos.  La zona del tobillo acolchada se adapta para proporcionar un ajuste preciso y una mayor sujeci\u00f3n alrededor del tobillo.                                                                                                                                                                                                                                                                                                                                                                                                                                                                                                                                                                                                                                                                                                                                                                                                                                                                                                                                                                                                                                        <\/p>\n","protected":false},"excerpt":{"rendered":"<p>NIKE RENEW ELEVATE 3<\/p>\n","protected":false},"featured_media":52525,"template":"","meta":[],"product_brand":[],"product_cat":[263],"product_tag":[37],"class_list":{"0":"post-38174","1":"product","2":"type-product","3":"status-publish","4":"has-post-thumbnail","6":"product_cat-hombre_calzado_basket","7":"product_tag-nike","8":"pa_color-unico","9":"pa_talla-44-5","10":"thunk-woo-product-list","11":"opn-qv-enable","12":"open-woo-hover-","13":"open-single-product-tab-horizontal","14":"open-shadow-","15":"open-shadow-hover-","17":"first","18":"instock","19":"sale","20":"shipping-taxable","21":"purchasable","22":"product-type-variable"},"jetpack_sharing_enabled":true,"_links":{"self":[{"href":"https:\/\/www.deporteseli.com\/index.php?rest_route=\/wp\/v2\/product\/38174","targetHints":{"allow":["GET"]}}],"collection":[{"href":"https:\/\/www.deporteseli.com\/index.php?rest_route=\/wp\/v2\/product"}],"about":[{"href":"https:\/\/www.deporteseli.com\/index.php?rest_route=\/wp\/v2\/types\/product"}],"wp:featuredmedia":[{"embeddable":true,"href":"https:\/\/www.deporteseli.com\/index.php?rest_route=\/wp\/v2\/media\/52525"}],"wp:attachment":[{"href":"https:\/\/www.deporteseli.com\/index.php?rest_route=%2Fwp%2Fv2%2Fmedia&parent=38174"}],"wp:term":[{"taxonomy":"product_brand","embeddable":true,"href":"https:\/\/www.deporteseli.com\/index.php?rest_route=%2Fwp%2Fv2%2Fproduct_brand&post=38174"},{"taxonomy":"product_cat","embeddable":true,"href":"https:\/\/www.deporteseli.com\/index.php?rest_route=%2Fwp%2Fv2%2Fproduct_cat&post=38174"},{"taxonomy":"product_tag","embeddable":true,"href":"https:\/\/www.deporteseli.com\/index.php?rest_route=%2Fwp%2Fv2%2Fproduct_tag&post=38174"}],"curies":[{"name":"wp","href":"https:\/\/api.w.org\/{rel}","templated":true}]}}