{"id":38172,"date":"2026-01-27T18:01:55","date_gmt":"2026-01-27T18:01:55","guid":{"rendered":"https:\/\/www.deporteseli.com\/?product=sudadera-ess-big-logo-negro"},"modified":"2026-03-07T05:20:33","modified_gmt":"2026-03-07T05:20:33","slug":"sudadera-ess-big-logo-negro","status":"publish","type":"product","link":"https:\/\/www.deporteseli.com\/?product=sudadera-ess-big-logo-negro","title":{"rendered":"SUDADERA ESS BIG LOGO NEGRO"},"content":{"rendered":"<p>Caracter\u00edsticas:    Impresi\u00f3n de goma con el logotipo n. \u00b0 1.  Capucha con cord\u00f3n para un ajuste ajustable.  Capucha con forro de jersey.  Pu\u00f1os y dobladillo de canal\u00e9.  Bolsillo canguro para una pr\u00e1ctica soluci\u00f3n de almacenamiento.  Hecho con algod\u00f3n de Better Cotton Initiative.  Fabricado con poli\u00e9ster reciclado.  Fabricado con OEKO-TEX\u00aeStandard.  Composici\u00f3n:    66% algod\u00f3n, 34% poli\u00e9ster reciclado.                                                                                                                                                                                                                                                                                                                                                                                                                                                                                                                                                                                                                                                                                                                                                                                                                                                                                                                                                                                                                                        <\/p>\n","protected":false},"excerpt":{"rendered":"<p>SUDADERA ESS BIG LOGO NEGRO<\/p>\n","protected":false},"featured_media":52523,"template":"","meta":[],"product_brand":[],"product_cat":[253],"product_tag":[32],"class_list":{"0":"post-38172","1":"product","2":"type-product","3":"status-publish","4":"has-post-thumbnail","6":"product_cat-hombre_textil_sudaderas","7":"product_tag-puma","8":"pa_color-unico","9":"pa_talla-l","10":"thunk-woo-product-list","11":"opn-qv-enable","12":"open-woo-hover-","13":"open-single-product-tab-horizontal","14":"open-shadow-","15":"open-shadow-hover-","17":"first","18":"instock","19":"shipping-taxable","20":"purchasable","21":"product-type-variable"},"jetpack_sharing_enabled":true,"_links":{"self":[{"href":"https:\/\/www.deporteseli.com\/index.php?rest_route=\/wp\/v2\/product\/38172","targetHints":{"allow":["GET"]}}],"collection":[{"href":"https:\/\/www.deporteseli.com\/index.php?rest_route=\/wp\/v2\/product"}],"about":[{"href":"https:\/\/www.deporteseli.com\/index.php?rest_route=\/wp\/v2\/types\/product"}],"wp:featuredmedia":[{"embeddable":true,"href":"https:\/\/www.deporteseli.com\/index.php?rest_route=\/wp\/v2\/media\/52523"}],"wp:attachment":[{"href":"https:\/\/www.deporteseli.com\/index.php?rest_route=%2Fwp%2Fv2%2Fmedia&parent=38172"}],"wp:term":[{"taxonomy":"product_brand","embeddable":true,"href":"https:\/\/www.deporteseli.com\/index.php?rest_route=%2Fwp%2Fv2%2Fproduct_brand&post=38172"},{"taxonomy":"product_cat","embeddable":true,"href":"https:\/\/www.deporteseli.com\/index.php?rest_route=%2Fwp%2Fv2%2Fproduct_cat&post=38172"},{"taxonomy":"product_tag","embeddable":true,"href":"https:\/\/www.deporteseli.com\/index.php?rest_route=%2Fwp%2Fv2%2Fproduct_tag&post=38172"}],"curies":[{"name":"wp","href":"https:\/\/api.w.org\/{rel}","templated":true}]}}