{"id":38167,"date":"2026-01-27T18:01:39","date_gmt":"2026-01-27T18:01:39","guid":{"rendered":"https:\/\/www.deporteseli.com\/?product=camiseta-adidas"},"modified":"2026-02-16T07:45:31","modified_gmt":"2026-02-16T07:45:31","slug":"camiseta-adidas","status":"publish","type":"product","link":"https:\/\/www.deporteseli.com\/?product=camiseta-adidas","title":{"rendered":"CAMISETA ADIDAS"},"content":{"rendered":"<p>Camiseta de chica adidas  Que pases el fin de semana con tu equipo no significa que tengas que renunciar a tu estilo. Ponte esta camiseta adidas y abraza el aut\u00e9ntico esp\u00edritu de las 3 rayas. Vayas donde vayas, mant\u00e9n un estilo informal y cl\u00e1sico. Nuestros productos de algod\u00f3n apoyan el cultivo sostenible del algod\u00f3n. Forma parte de nuestra ambici\u00f3n de acabar con los residuos de pl\u00e1stico.Regular fit                                                                                                                                                                                                                                                                                                                                                                                                                                                                                                                                                                                                                                                                                                                                                                                                                                                                                                                                                                                                                                        <\/p>\n","protected":false},"excerpt":{"rendered":"<p>CAMISETA ADIDAS<\/p>\n","protected":false},"featured_media":52520,"template":"","meta":[],"product_brand":[],"product_cat":[376],"product_tag":[18],"class_list":{"0":"post-38167","1":"product","2":"type-product","3":"status-publish","4":"has-post-thumbnail","6":"product_cat-ninas_textil_camisetas","7":"product_tag-adidas","8":"pa_color-unico","9":"pa_talla-t-10","10":"pa_talla-t-12","11":"pa_talla-t-16","12":"pa_talla-t-6","13":"thunk-woo-product-list","14":"opn-qv-enable","15":"open-woo-hover-","16":"open-single-product-tab-horizontal","17":"open-shadow-","18":"open-shadow-hover-","20":"first","21":"instock","22":"shipping-taxable","23":"purchasable","24":"product-type-variable"},"jetpack_sharing_enabled":true,"_links":{"self":[{"href":"https:\/\/www.deporteseli.com\/index.php?rest_route=\/wp\/v2\/product\/38167","targetHints":{"allow":["GET"]}}],"collection":[{"href":"https:\/\/www.deporteseli.com\/index.php?rest_route=\/wp\/v2\/product"}],"about":[{"href":"https:\/\/www.deporteseli.com\/index.php?rest_route=\/wp\/v2\/types\/product"}],"wp:featuredmedia":[{"embeddable":true,"href":"https:\/\/www.deporteseli.com\/index.php?rest_route=\/wp\/v2\/media\/52520"}],"wp:attachment":[{"href":"https:\/\/www.deporteseli.com\/index.php?rest_route=%2Fwp%2Fv2%2Fmedia&parent=38167"}],"wp:term":[{"taxonomy":"product_brand","embeddable":true,"href":"https:\/\/www.deporteseli.com\/index.php?rest_route=%2Fwp%2Fv2%2Fproduct_brand&post=38167"},{"taxonomy":"product_cat","embeddable":true,"href":"https:\/\/www.deporteseli.com\/index.php?rest_route=%2Fwp%2Fv2%2Fproduct_cat&post=38167"},{"taxonomy":"product_tag","embeddable":true,"href":"https:\/\/www.deporteseli.com\/index.php?rest_route=%2Fwp%2Fv2%2Fproduct_tag&post=38167"}],"curies":[{"name":"wp","href":"https:\/\/api.w.org\/{rel}","templated":true}]}}