{"id":38165,"date":"2026-01-27T18:01:33","date_gmt":"2026-01-27T18:01:33","guid":{"rendered":"https:\/\/www.deporteseli.com\/?product=adidas-sudadera-mens-essential-hoddie-gv0249"},"modified":"2026-01-27T18:01:37","modified_gmt":"2026-01-27T18:01:37","slug":"adidas-sudadera-mens-essential-hoddie-gv0249","status":"publish","type":"product","link":"https:\/\/www.deporteseli.com\/?product=adidas-sudadera-mens-essential-hoddie-gv0249","title":{"rendered":"ADIDAS SUDADERA MENS ESSENTIAL HODDIE GV0249"},"content":{"rendered":"<p>Hay un motivo por el que la sudadera con capucha es una prenda esencial en tu armario. Te la puedes poner despu\u00e9s de hacer ejercicio, para ir a clase, estar en casa o para salir despu\u00e9s de cenar. Siempre querr\u00e1s tener a mano esta sudadera adidas para j\u00f3venes con estilo, porque su tacto suave y su corte holgado son perfectos para cualquier ocasi\u00f3n.Este producto se ha confeccionado con material reciclado como parte de nuestro compromiso por acabar con los residuos pl\u00e1sticos.      Corte cl\u00e1sico.Sudadera con capucha.Felpa 53% algod\u00f3n \/ 36% poli\u00e9ster reciclado \/ 11% viscosa.Bolsillo canguro.Pu\u00f1os y dobladillo de canal\u00e9.N\u00famero de art\u00edculo: Gv0249                                                                                                                                                                                                                                                                                                                                                                                                                                                                                                                                                                                                                                                                                                                                                                                                                                                                                                                                                                                                                                        <\/p>\n","protected":false},"excerpt":{"rendered":"<p>ADIDAS SUDADERA MENS ESSENTIAL HODDIE GV0249<\/p>\n","protected":false},"featured_media":52518,"template":"","meta":[],"product_brand":[],"product_cat":[302],"product_tag":[18],"class_list":{"0":"post-38165","1":"product","2":"type-product","3":"status-publish","4":"has-post-thumbnail","6":"product_cat-nino_textil_sudaderas","7":"product_tag-adidas","8":"pa_color-unico","9":"pa_talla-s","10":"thunk-woo-product-list","11":"opn-qv-enable","12":"open-woo-hover-","13":"open-single-product-tab-horizontal","14":"open-shadow-","15":"open-shadow-hover-","17":"first","18":"instock","19":"shipping-taxable","20":"purchasable","21":"product-type-variable"},"jetpack_sharing_enabled":true,"_links":{"self":[{"href":"https:\/\/www.deporteseli.com\/index.php?rest_route=\/wp\/v2\/product\/38165","targetHints":{"allow":["GET"]}}],"collection":[{"href":"https:\/\/www.deporteseli.com\/index.php?rest_route=\/wp\/v2\/product"}],"about":[{"href":"https:\/\/www.deporteseli.com\/index.php?rest_route=\/wp\/v2\/types\/product"}],"wp:featuredmedia":[{"embeddable":true,"href":"https:\/\/www.deporteseli.com\/index.php?rest_route=\/wp\/v2\/media\/52518"}],"wp:attachment":[{"href":"https:\/\/www.deporteseli.com\/index.php?rest_route=%2Fwp%2Fv2%2Fmedia&parent=38165"}],"wp:term":[{"taxonomy":"product_brand","embeddable":true,"href":"https:\/\/www.deporteseli.com\/index.php?rest_route=%2Fwp%2Fv2%2Fproduct_brand&post=38165"},{"taxonomy":"product_cat","embeddable":true,"href":"https:\/\/www.deporteseli.com\/index.php?rest_route=%2Fwp%2Fv2%2Fproduct_cat&post=38165"},{"taxonomy":"product_tag","embeddable":true,"href":"https:\/\/www.deporteseli.com\/index.php?rest_route=%2Fwp%2Fv2%2Fproduct_tag&post=38165"}],"curies":[{"name":"wp","href":"https:\/\/api.w.org\/{rel}","templated":true}]}}