{"id":38162,"date":"2026-01-27T18:01:28","date_gmt":"2026-01-27T18:01:28","guid":{"rendered":"https:\/\/www.deporteseli.com\/?product=camiseta-para-ninos-adidas-designed-2-move"},"modified":"2026-01-27T18:01:31","modified_gmt":"2026-01-27T18:01:31","slug":"camiseta-para-ninos-adidas-designed-2-move","status":"publish","type":"product","link":"https:\/\/www.deporteseli.com\/?product=camiseta-para-ninos-adidas-designed-2-move","title":{"rendered":"CAMISETA PARA NI\u00f1OS ADIDAS DESIGNED 2 MOVE"},"content":{"rendered":"<p>Camiseta para ni\u00f1os adidas Designed 2 move  Esta c\u00f3moda camiseta junior te llevar\u00e1 desde tu entrenamiento matutino hasta una salida nocturna con amigos. Mantente fresco y seco todo el d\u00eda con la tecnolog\u00eda AEROREADY que absorbe el sudor. El logotipo  Badge of Sport  de adidas y las 3 rayas le dan un aspecto perfecto para cualquier actividad. Este producto est\u00e1 fabricado con Primegreen, una serie de materiales reciclados de alto rendimiento.    Ajuste est\u00e1ndar.                                                                                                                                                                                                                                                                                                                                                                                                                                                                                                                                                                                                                                                                                                                                                                                                                                                                                                                                                                                                                                        <\/p>\n","protected":false},"excerpt":{"rendered":"<p>CAMISETA PARA NI\u00f1OS ADIDAS DESIGNED 2 MOVE<\/p>\n","protected":false},"featured_media":52515,"template":"","meta":[],"product_brand":[],"product_cat":[296],"product_tag":[18],"class_list":{"0":"post-38162","1":"product","2":"type-product","3":"status-publish","4":"has-post-thumbnail","6":"product_cat-nino_textil_camisetas","7":"product_tag-adidas","8":"pa_color-unico","9":"pa_talla-t-10","10":"pa_talla-t-8","11":"thunk-woo-product-list","12":"opn-qv-enable","13":"open-woo-hover-","14":"open-single-product-tab-horizontal","15":"open-shadow-","16":"open-shadow-hover-","18":"first","19":"instock","20":"shipping-taxable","21":"purchasable","22":"product-type-variable"},"jetpack_sharing_enabled":true,"_links":{"self":[{"href":"https:\/\/www.deporteseli.com\/index.php?rest_route=\/wp\/v2\/product\/38162","targetHints":{"allow":["GET"]}}],"collection":[{"href":"https:\/\/www.deporteseli.com\/index.php?rest_route=\/wp\/v2\/product"}],"about":[{"href":"https:\/\/www.deporteseli.com\/index.php?rest_route=\/wp\/v2\/types\/product"}],"wp:featuredmedia":[{"embeddable":true,"href":"https:\/\/www.deporteseli.com\/index.php?rest_route=\/wp\/v2\/media\/52515"}],"wp:attachment":[{"href":"https:\/\/www.deporteseli.com\/index.php?rest_route=%2Fwp%2Fv2%2Fmedia&parent=38162"}],"wp:term":[{"taxonomy":"product_brand","embeddable":true,"href":"https:\/\/www.deporteseli.com\/index.php?rest_route=%2Fwp%2Fv2%2Fproduct_brand&post=38162"},{"taxonomy":"product_cat","embeddable":true,"href":"https:\/\/www.deporteseli.com\/index.php?rest_route=%2Fwp%2Fv2%2Fproduct_cat&post=38162"},{"taxonomy":"product_tag","embeddable":true,"href":"https:\/\/www.deporteseli.com\/index.php?rest_route=%2Fwp%2Fv2%2Fproduct_tag&post=38162"}],"curies":[{"name":"wp","href":"https:\/\/api.w.org\/{rel}","templated":true}]}}