{"id":38160,"date":"2026-01-27T18:01:25","date_gmt":"2026-01-27T18:01:25","guid":{"rendered":"https:\/\/www.deporteseli.com\/?product=sudadera-y-pantalon-adidas-essentials-logo"},"modified":"2026-01-27T18:01:27","modified_gmt":"2026-01-27T18:01:27","slug":"sudadera-y-pantalon-adidas-essentials-logo","status":"publish","type":"product","link":"https:\/\/www.deporteseli.com\/?product=sudadera-y-pantalon-adidas-essentials-logo","title":{"rendered":"SUDADERA Y PANTAL\u00f3N ADIDAS ESSENTIALS LOGO"},"content":{"rendered":"<p>Para peques que siempre est\u00e1n en movimiento. Este conjunto de sudadera y pantal\u00f3n es muy f\u00e1cil de poner y le ofrece un ajuste c\u00f3modo durante todo el d\u00eda. El logotipo de adidas en el pecho remata este look deportivo e informal.    Nuestros productos de algod\u00f3n se han fabricado de forma sostenible y ayudan a acabar con los residuos pl\u00e1sticos.  Corte cl\u00e1sico  Sudadera: cuello redondo de canal\u00e9 con botones a presi\u00f3n  Felpa 70% algod\u00f3n \/ 30% poli\u00e9ster reciclado  Sudadera: pu\u00f1os y dobladillo de canal\u00e9  Pantal\u00f3n: cintura el\u00e1stica  Pantal\u00f3n: pu\u00f1os de canal\u00e9  Color del art\u00edculo: Medium Grey Heather \/ Royal Blue  N\u00famero de art\u00edculo: HM6599                                                                                                                                                                                                                                                                                                                                                                                                                                                                                                                                                                                                                                                                                                                                                                                                                                                                                                                                                                                                                                        <\/p>\n","protected":false},"excerpt":{"rendered":"<p>SUDADERA Y PANTAL\u00f3N ADIDAS ESSENTIALS LOGO<\/p>\n","protected":false},"featured_media":52514,"template":"","meta":[],"product_brand":[],"product_cat":[298],"product_tag":[18],"class_list":{"0":"post-38160","1":"product","2":"type-product","3":"status-publish","4":"has-post-thumbnail","6":"product_cat-nino_textil_chandals","7":"product_tag-adidas","8":"pa_color-unico","9":"pa_talla-167","10":"thunk-woo-product-list","11":"opn-qv-enable","12":"open-woo-hover-","13":"open-single-product-tab-horizontal","14":"open-shadow-","15":"open-shadow-hover-","17":"first","18":"instock","19":"shipping-taxable","20":"purchasable","21":"product-type-variable"},"jetpack_sharing_enabled":true,"_links":{"self":[{"href":"https:\/\/www.deporteseli.com\/index.php?rest_route=\/wp\/v2\/product\/38160","targetHints":{"allow":["GET"]}}],"collection":[{"href":"https:\/\/www.deporteseli.com\/index.php?rest_route=\/wp\/v2\/product"}],"about":[{"href":"https:\/\/www.deporteseli.com\/index.php?rest_route=\/wp\/v2\/types\/product"}],"wp:featuredmedia":[{"embeddable":true,"href":"https:\/\/www.deporteseli.com\/index.php?rest_route=\/wp\/v2\/media\/52514"}],"wp:attachment":[{"href":"https:\/\/www.deporteseli.com\/index.php?rest_route=%2Fwp%2Fv2%2Fmedia&parent=38160"}],"wp:term":[{"taxonomy":"product_brand","embeddable":true,"href":"https:\/\/www.deporteseli.com\/index.php?rest_route=%2Fwp%2Fv2%2Fproduct_brand&post=38160"},{"taxonomy":"product_cat","embeddable":true,"href":"https:\/\/www.deporteseli.com\/index.php?rest_route=%2Fwp%2Fv2%2Fproduct_cat&post=38160"},{"taxonomy":"product_tag","embeddable":true,"href":"https:\/\/www.deporteseli.com\/index.php?rest_route=%2Fwp%2Fv2%2Fproduct_tag&post=38160"}],"curies":[{"name":"wp","href":"https:\/\/api.w.org\/{rel}","templated":true}]}}