{"id":38157,"date":"2026-01-27T18:01:19","date_gmt":"2026-01-27T18:01:19","guid":{"rendered":"https:\/\/www.deporteseli.com\/?product=sudadera-adidas-hn8556"},"modified":"2026-03-13T05:18:03","modified_gmt":"2026-03-13T05:18:03","slug":"sudadera-adidas-hn8556","status":"publish","type":"product","link":"https:\/\/www.deporteseli.com\/?product=sudadera-adidas-hn8556","title":{"rendered":"SUDADERA ADIDAS HN8556"},"content":{"rendered":"<p>\u00bfNunca quieres salir de la cama cuando por la ma\u00f1ana hace fr\u00edo? Tenemos lo que necesitas. Ponte esta chaqueta con capucha adidas para j\u00f3venes deportistas y siente la calidez de su tejido de felpa suave. Sus colores en contraste fusionan a la perfecci\u00f3n el mejor estilo deportivo y la moda actual. Contiene material reciclado proveniente de retales, residuos de producci\u00f3n y residuos dom\u00e9sticos para reducir el impacto ambiental que conlleva el uso de materiales v\u00edrgenes. Corte cl\u00e1sico. Capucha con cuello cruzado. Felpa 70% algod\u00f3n \/ 30% poli\u00e9ster reciclado. Bolsillo canguro. Pu\u00f1os y dobladillo de canal\u00e9. Apoya a Better Cotton Initiative. No usar lej\u00eda. Secadora con aire fr\u00edo. No lavar en seco. Planchar a temperatura baja. Lavar a m\u00e1quina en agua fr\u00eda. No usar suavizante. Usar solo detergentes suaves. Lavar las prendas junto a otras de colores similares. Retirar inmediatamente despu\u00e9s del lavado. No planchar las zonas con estampado.                                                                                                                                                                                                                                                                                                                                                                                                                                                                                                                                                                                                                                                                                                                                                                                                                                                                                                                                                                                                                                        <\/p>\n","protected":false},"excerpt":{"rendered":"<p>SUDADERA ADIDAS HN8556<\/p>\n","protected":false},"featured_media":52512,"template":"","meta":[],"product_brand":[],"product_cat":[302],"product_tag":[18],"class_list":{"0":"post-38157","1":"product","2":"type-product","3":"status-publish","4":"has-post-thumbnail","6":"product_cat-nino_textil_sudaderas","7":"product_tag-adidas","8":"pa_color-unico","9":"pa_talla-t-10","10":"pa_talla-t-8","11":"thunk-woo-product-list","12":"opn-qv-enable","13":"open-woo-hover-","14":"open-single-product-tab-horizontal","15":"open-shadow-","16":"open-shadow-hover-","18":"first","19":"instock","20":"shipping-taxable","21":"purchasable","22":"product-type-variable"},"jetpack_sharing_enabled":true,"_links":{"self":[{"href":"https:\/\/www.deporteseli.com\/index.php?rest_route=\/wp\/v2\/product\/38157","targetHints":{"allow":["GET"]}}],"collection":[{"href":"https:\/\/www.deporteseli.com\/index.php?rest_route=\/wp\/v2\/product"}],"about":[{"href":"https:\/\/www.deporteseli.com\/index.php?rest_route=\/wp\/v2\/types\/product"}],"wp:featuredmedia":[{"embeddable":true,"href":"https:\/\/www.deporteseli.com\/index.php?rest_route=\/wp\/v2\/media\/52512"}],"wp:attachment":[{"href":"https:\/\/www.deporteseli.com\/index.php?rest_route=%2Fwp%2Fv2%2Fmedia&parent=38157"}],"wp:term":[{"taxonomy":"product_brand","embeddable":true,"href":"https:\/\/www.deporteseli.com\/index.php?rest_route=%2Fwp%2Fv2%2Fproduct_brand&post=38157"},{"taxonomy":"product_cat","embeddable":true,"href":"https:\/\/www.deporteseli.com\/index.php?rest_route=%2Fwp%2Fv2%2Fproduct_cat&post=38157"},{"taxonomy":"product_tag","embeddable":true,"href":"https:\/\/www.deporteseli.com\/index.php?rest_route=%2Fwp%2Fv2%2Fproduct_tag&post=38157"}],"curies":[{"name":"wp","href":"https:\/\/api.w.org\/{rel}","templated":true}]}}