{"id":38155,"date":"2026-01-27T18:01:14","date_gmt":"2026-01-27T18:01:14","guid":{"rendered":"https:\/\/www.deporteseli.com\/?product=adidas-camiseta-manga-corta-essentials"},"modified":"2026-01-27T18:01:17","modified_gmt":"2026-01-27T18:01:17","slug":"adidas-camiseta-manga-corta-essentials","status":"publish","type":"product","link":"https:\/\/www.deporteseli.com\/?product=adidas-camiseta-manga-corta-essentials","title":{"rendered":"ADIDAS CAMISETA MANGA CORTA ESSENTIALS"},"content":{"rendered":"<p>Si eres de los que llevan camiseta a diario, sabes lo importante que es que combine a la perfecci\u00f3n con el resto de tu armario.    Corte cl\u00e1sico.  Cuello redondo.  Logotipo de Adidas bordado.  Color: marino.  Composici\u00f3n: punto 70% algod\u00f3n I 30% algod\u00f3n reciclado.                                                                                                                                                                                                                                                                                                                                                                                                                                                                                                                                                                                                                                                                                                                                                                                                                                                                                                                                                                                                                                        <\/p>\n","protected":false},"excerpt":{"rendered":"<p>ADIDAS CAMISETA MANGA CORTA ESSENTIALS<\/p>\n","protected":false},"featured_media":52511,"template":"","meta":[],"product_brand":[],"product_cat":[245],"product_tag":[18],"class_list":{"0":"post-38155","1":"product","2":"type-product","3":"status-publish","4":"has-post-thumbnail","6":"product_cat-hombre_textil_camisetas","7":"product_tag-adidas","8":"pa_color-unico","9":"pa_talla-m","10":"thunk-woo-product-list","11":"opn-qv-enable","12":"open-woo-hover-","13":"open-single-product-tab-horizontal","14":"open-shadow-","15":"open-shadow-hover-","17":"first","18":"instock","19":"shipping-taxable","20":"purchasable","21":"product-type-variable"},"jetpack_sharing_enabled":true,"_links":{"self":[{"href":"https:\/\/www.deporteseli.com\/index.php?rest_route=\/wp\/v2\/product\/38155","targetHints":{"allow":["GET"]}}],"collection":[{"href":"https:\/\/www.deporteseli.com\/index.php?rest_route=\/wp\/v2\/product"}],"about":[{"href":"https:\/\/www.deporteseli.com\/index.php?rest_route=\/wp\/v2\/types\/product"}],"wp:featuredmedia":[{"embeddable":true,"href":"https:\/\/www.deporteseli.com\/index.php?rest_route=\/wp\/v2\/media\/52511"}],"wp:attachment":[{"href":"https:\/\/www.deporteseli.com\/index.php?rest_route=%2Fwp%2Fv2%2Fmedia&parent=38155"}],"wp:term":[{"taxonomy":"product_brand","embeddable":true,"href":"https:\/\/www.deporteseli.com\/index.php?rest_route=%2Fwp%2Fv2%2Fproduct_brand&post=38155"},{"taxonomy":"product_cat","embeddable":true,"href":"https:\/\/www.deporteseli.com\/index.php?rest_route=%2Fwp%2Fv2%2Fproduct_cat&post=38155"},{"taxonomy":"product_tag","embeddable":true,"href":"https:\/\/www.deporteseli.com\/index.php?rest_route=%2Fwp%2Fv2%2Fproduct_tag&post=38155"}],"curies":[{"name":"wp","href":"https:\/\/api.w.org\/{rel}","templated":true}]}}