{"id":38144,"date":"2026-01-27T18:00:57","date_gmt":"2026-01-27T18:00:57","guid":{"rendered":"https:\/\/www.deporteseli.com\/?product=mizuno-wave-exceed-light-padel"},"modified":"2026-01-27T18:01:00","modified_gmt":"2026-01-27T18:01:00","slug":"mizuno-wave-exceed-light-padel","status":"publish","type":"product","link":"https:\/\/www.deporteseli.com\/?product=mizuno-wave-exceed-light-padel","title":{"rendered":"MIZUNO WAVE EXCEED LIGHT PADEL"},"content":{"rendered":"<p>Tecnolog\u00edas utilizadas  ONDA MIZUNO  Es una soluci\u00f3n universal que garantiza estabilidad y una mayor amortiguaci\u00f3n din\u00e1mica. La amortiguaci\u00f3n se distribuye por toda la plataforma de la zapatilla, reduciendo el riesgo de lesiones.  U4icX  Entresuela Mizuno liviana y evolutiva que proporciona un uso c\u00f3modo, amortiguado y sin estr\u00e9s, incluso durante el juego intenso.  Ponce  Una entresuela que proporciona una amortiguaci\u00f3n flexible manteniendo un peso muy bajo.  mizuno enerzy  Nueva tecnolog\u00eda de la marca Mizuno dise\u00f1ada para proporcionar mayor retorno de energ\u00eda y suavidad que nunca, manteniendo el m\u00e1ximo confort y comodidad de uso.  X10  Caucho de carbono duradero para una vida m\u00e1s larga en \u00e1reas de alto impacto y un agarre confiable.                                                                                                                                                                                                                                                                                                                                                                                                                                                                                                                                                                                                                                                                                                                                                                                                                                                                                                                                                                                                                                        <\/p>\n","protected":false},"excerpt":{"rendered":"<p>MIZUNO WAVE EXCEED LIGHT PADEL<\/p>\n","protected":false},"featured_media":52494,"template":"","meta":[],"product_brand":[],"product_cat":[371],"product_tag":[65],"class_list":{"0":"post-38144","1":"product","2":"type-product","3":"status-publish","4":"has-post-thumbnail","6":"product_cat-padel_y_tenis_calzado","7":"product_tag-mizuno","8":"pa_color-unico","9":"pa_talla-143","10":"pa_talla-147","11":"thunk-woo-product-list","12":"opn-qv-enable","13":"open-woo-hover-","14":"open-single-product-tab-horizontal","15":"open-shadow-","16":"open-shadow-hover-","18":"first","19":"instock","20":"sale","21":"shipping-taxable","22":"purchasable","23":"product-type-variable"},"jetpack_sharing_enabled":true,"_links":{"self":[{"href":"https:\/\/www.deporteseli.com\/index.php?rest_route=\/wp\/v2\/product\/38144","targetHints":{"allow":["GET"]}}],"collection":[{"href":"https:\/\/www.deporteseli.com\/index.php?rest_route=\/wp\/v2\/product"}],"about":[{"href":"https:\/\/www.deporteseli.com\/index.php?rest_route=\/wp\/v2\/types\/product"}],"wp:featuredmedia":[{"embeddable":true,"href":"https:\/\/www.deporteseli.com\/index.php?rest_route=\/wp\/v2\/media\/52494"}],"wp:attachment":[{"href":"https:\/\/www.deporteseli.com\/index.php?rest_route=%2Fwp%2Fv2%2Fmedia&parent=38144"}],"wp:term":[{"taxonomy":"product_brand","embeddable":true,"href":"https:\/\/www.deporteseli.com\/index.php?rest_route=%2Fwp%2Fv2%2Fproduct_brand&post=38144"},{"taxonomy":"product_cat","embeddable":true,"href":"https:\/\/www.deporteseli.com\/index.php?rest_route=%2Fwp%2Fv2%2Fproduct_cat&post=38144"},{"taxonomy":"product_tag","embeddable":true,"href":"https:\/\/www.deporteseli.com\/index.php?rest_route=%2Fwp%2Fv2%2Fproduct_tag&post=38144"}],"curies":[{"name":"wp","href":"https:\/\/api.w.org\/{rel}","templated":true}]}}